{"id":1277,"date":"2024-10-22T10:45:06","date_gmt":"2024-10-22T08:45:06","guid":{"rendered":"https:\/\/medifruver.es\/?page_id=1277"},"modified":"2024-10-22T13:18:12","modified_gmt":"2024-10-22T11:18:12","slug":"politica-de-cookies","status":"publish","type":"page","link":"https:\/\/medifruver.es\/de\/politica-de-cookies\/","title":{"rendered":"Cookies-Politik"},"content":{"rendered":"<div class=\"entry-content clear\">\n<header class=\"entry-header\">Diese Cookie-Richtlinie erkl\u00e4rt, was Cookies sind und wie wir sie verwenden. Sie sollten diese Richtlinie lesen, um zu verstehen, was Cookies sind, wie wir sie verwenden, welche Arten von Cookies wir verwenden, d. h. welche Informationen wir mithilfe von Cookies sammeln und wie diese Informationen verwendet werden, und wie Sie die Cookie-Einstellungen steuern k\u00f6nnen. Weitere Informationen dar\u00fcber, wie wir Ihre pers\u00f6nlichen Daten verwenden, speichern und sicher aufbewahren, finden Sie in unserer Datenschutzrichtlinie.<\/header>\n<div class=\"entry-content clear\">\n<p>Sie k\u00f6nnen Ihre Zustimmung zur Cookie-Erkl\u00e4rung auf unserer Website jederzeit \u00e4ndern oder widerrufen.<\/p>\n<p>Auf unserer Website erfahren Sie mehr dar\u00fcber, wer wir sind, wie Sie uns kontaktieren k\u00f6nnen und wie wir personenbezogene Daten verarbeiten.\u00a0<a href=\"https:\/\/medifruver.es\/de\/politica-de-privacidad\/\" target=\"_blank\" rel=\"noopener\">Datenschutzbestimmungen<\/a>.<\/p>\n<p>Ihre Zustimmung gilt f\u00fcr die folgenden Bereiche: <a class=\"ql-link\" href=\"http:\/\/medifruver.es\/de\/\" target=\"_blank\" rel=\"noopener noreferrer\">medifruver.co.uk<\/a><\/p>\n<p>Ihr aktueller Status: Zugelassen und akzeptiert.<\/p>\n<h3 class=\"wp-block-heading\">WAS SIND COOKIES?<\/h3>\n<p>Cookies sind kleine Textdateien, die dazu dienen, kleine Informationen zu speichern. Cookies werden auf Ihrem Ger\u00e4t gespeichert, wenn die Website in Ihrem Browser geladen wird. Diese Cookies helfen uns, die Website ordnungsgem\u00e4\u00df funktionieren zu lassen, die Website sicherer zu machen, eine bessere Nutzererfahrung zu bieten und zu verstehen, wie die Website funktioniert und zu analysieren, was funktioniert und wo sie verbessert werden muss.<\/p>\n<h3 class=\"wp-block-heading\">WIE VERWENDEN WIR SIE?<\/h3>\n<p>Wie die meisten Online-Dienste verwendet unsere Website Cookies von Erstanbietern und Drittanbietern f\u00fcr eine Reihe von Zwecken. Cookies von Erstanbietern sind in erster Linie f\u00fcr das ordnungsgem\u00e4\u00dfe Funktionieren der Website erforderlich und erfassen keine personenbezogenen Daten von Ihnen.<\/p>\n<p>Cookies von Drittanbietern, die auf unseren Websites verwendet werden, dienen in erster Linie dazu, die Leistung der Website zu ermitteln, zu verstehen, wie Sie mit unserer Website interagieren, unsere Dienste sicher zu halten, Ihnen f\u00fcr Sie relevante Werbung zukommen zu lassen und Ihnen im Allgemeinen eine bessere und erweiterte Benutzererfahrung zu bieten und Ihre zuk\u00fcnftigen Interaktionen mit unserer Website zu beschleunigen.<\/p>\n<h3 class=\"wp-block-heading\">WELCHE ART VON COOKIES VERWENDEN WIR?<\/h3>\n<p>Unerl\u00e4sslich: Einige Cookies sind unerl\u00e4sslich, damit Sie die volle Funktionalit\u00e4t unserer Website nutzen k\u00f6nnen. Sie erm\u00f6glichen es uns, Benutzersitzungen aufrechtzuerhalten und Sicherheitsbedrohungen zu verhindern. Sie erfassen oder speichern keine pers\u00f6nlichen Informationen. Diese Cookies erm\u00f6glichen es Ihnen zum Beispiel, sich bei Ihrem Konto anzumelden, Produkte in Ihren Warenkorb zu legen und sicher zur Kasse zu gehen.<\/p>\n<p>Statistik: Diese Cookies speichern Informationen wie die Anzahl der Besucher der Website, die Anzahl der Einzelbesucher, welche Seiten der Website besucht wurden, die Quelle des Besuchs usw. Diese Daten helfen uns zu verstehen und zu analysieren, wie gut die Website funktioniert und wo sie zu finden ist.<\/p>\n<p>Marketing: Auf unserer Website wird Werbung angezeigt. Diese Cookies werden verwendet, um die Anzeigen, die wir Ihnen zeigen, so anzupassen, dass sie f\u00fcr Sie sinnvoll sind. Diese Cookies helfen uns auch dabei, die Wirksamkeit dieser Werbekampagnen zu verfolgen.<\/p>\n<p>Die in diesen Cookies gespeicherten Informationen k\u00f6nnen auch von dritten Werbeanbietern verwendet werden, um Ihnen Werbung auf anderen Websites in Ihrem Browser anzuzeigen.<\/p>\n<p>Funktional: Dies sind Cookies, die bestimmte nicht-essentielle Funktionen auf unserer Website unterst\u00fctzen. Zu diesen Funktionen geh\u00f6ren das Einbetten von Inhalten wie Videos oder das Teilen von Inhalten auf der Website auf Social-Media-Plattformen.<\/p>\n<p>Vorlieben: Diese Cookies helfen uns, Ihre Browsereinstellungen und Pr\u00e4ferenzen zu speichern, wie z. B. Spracheinstellungen, damit Sie bei zuk\u00fcnftigen Besuchen der Website eine bessere und effizientere Erfahrung machen k\u00f6nnen.<\/p>\n<h3 class=\"wp-block-heading\">WIE KANN ICH MEINE EINSTELLUNGEN \u00c4NDERN?<\/h3>\n<p>Wenn Sie Ihre Einstellungen zu einem sp\u00e4teren Zeitpunkt \u00e4ndern m\u00f6chten, k\u00f6nnen Sie auf die Registerkarte \"Datenschutz und Cookie-Richtlinie\" auf Ihrem Bildschirm klicken. Dadurch wird erneut der Hinweis auf die Einwilligung angezeigt, der es Ihnen erm\u00f6glicht, Ihre Einstellungen zu \u00e4ndern oder Ihre Einwilligung vollst\u00e4ndig zu widerrufen.<\/p>\n<p>Dar\u00fcber hinaus bieten die verschiedenen Browser unterschiedliche Methoden zum Blockieren und L\u00f6schen von Cookies, die von Websites verwendet werden. Sie k\u00f6nnen Ihre Browsereinstellungen \u00e4ndern, um Cookies zu blockieren\/l\u00f6schen. Weitere Informationen \u00fcber die Verwaltung und L\u00f6schung von Cookies finden Sie unter\u00a0<a href=\"https:\/\/wikipedia.org\/\" target=\"_blank\" rel=\"noreferrer noopener\">wikipedia.org<\/a>,\u00a0<a href=\"http:\/\/www.allaboutcookies.org\/\" target=\"_blank\" rel=\"noreferrer noopener\">www.allaboutcookies.org<\/a>.<\/p>\n<\/div>\n<\/div>","protected":false},"excerpt":{"rendered":"<p>Esta Pol\u00edtica de Cookies explica qu\u00e9 son las cookies y c\u00f3mo las usamos. Debe leer esta pol\u00edtica para comprender qu\u00e9 son las cookies, c\u00f3mo las utilizamos, los tipos de cookies que utilizamos, es decir, la informaci\u00f3n que recopilamos utilizando cookies y c\u00f3mo se utiliza esa informaci\u00f3n y c\u00f3mo controlar las preferencias de cookies. Para obtener [&hellip;]<\/p>","protected":false},"author":1,"featured_media":0,"parent":0,"menu_order":0,"comment_status":"closed","ping_status":"closed","template":"","meta":{"site-sidebar-layout":"default","site-content-layout":"","ast-site-content-layout":"default","site-content-style":"default","site-sidebar-style":"default","ast-global-header-display":"","ast-banner-title-visibility":"","ast-main-header-display":"","ast-hfb-above-header-display":"","ast-hfb-below-header-display":"","ast-hfb-mobile-header-display":"","site-post-title":"","ast-breadcrumbs-content":"","ast-featured-img":"","footer-sml-layout":"","theme-transparent-header-meta":"default","adv-header-id-meta":"","stick-header-meta":"","header-above-stick-meta":"","header-main-stick-meta":"","header-below-stick-meta":"","astra-migrate-meta-layouts":"set","ast-page-background-enabled":"default","ast-page-background-meta":{"desktop":{"background-color":"","background-image":"","background-repeat":"repeat","background-position":"center center","background-size":"auto","background-attachment":"scroll","background-type":"","background-media":"","overlay-type":"","overlay-color":"","overlay-opacity":"","overlay-gradient":""},"tablet":{"background-color":"","background-image":"","background-repeat":"repeat","background-position":"center center","background-size":"auto","background-attachment":"scroll","background-type":"","background-media":"","overlay-type":"","overlay-color":"","overlay-opacity":"","overlay-gradient":""},"mobile":{"background-color":"","background-image":"","background-repeat":"repeat","background-position":"center center","background-size":"auto","background-attachment":"scroll","background-type":"","background-media":"","overlay-type":"","overlay-color":"","overlay-opacity":"","overlay-gradient":""}},"ast-content-background-meta":{"desktop":{"background-color":"var(--ast-global-color-5)","background-image":"","background-repeat":"repeat","background-position":"center center","background-size":"auto","background-attachment":"scroll","background-type":"","background-media":"","overlay-type":"","overlay-color":"","overlay-opacity":"","overlay-gradient":""},"tablet":{"background-color":"var(--ast-global-color-5)","background-image":"","background-repeat":"repeat","background-position":"center center","background-size":"auto","background-attachment":"scroll","background-type":"","background-media":"","overlay-type":"","overlay-color":"","overlay-opacity":"","overlay-gradient":""},"mobile":{"background-color":"var(--ast-global-color-5)","background-image":"","background-repeat":"repeat","background-position":"center center","background-size":"auto","background-attachment":"scroll","background-type":"","background-media":"","overlay-type":"","overlay-color":"","overlay-opacity":"","overlay-gradient":""}},"footnotes":""},"class_list":["post-1277","page","type-page","status-publish","hentry"],"_links":{"self":[{"href":"https:\/\/medifruver.es\/de\/wp-json\/wp\/v2\/pages\/1277","targetHints":{"allow":["GET"]}}],"collection":[{"href":"https:\/\/medifruver.es\/de\/wp-json\/wp\/v2\/pages"}],"about":[{"href":"https:\/\/medifruver.es\/de\/wp-json\/wp\/v2\/types\/page"}],"author":[{"embeddable":true,"href":"https:\/\/medifruver.es\/de\/wp-json\/wp\/v2\/users\/1"}],"replies":[{"embeddable":true,"href":"https:\/\/medifruver.es\/de\/wp-json\/wp\/v2\/comments?post=1277"}],"version-history":[{"count":3,"href":"https:\/\/medifruver.es\/de\/wp-json\/wp\/v2\/pages\/1277\/revisions"}],"predecessor-version":[{"id":1284,"href":"https:\/\/medifruver.es\/de\/wp-json\/wp\/v2\/pages\/1277\/revisions\/1284"}],"wp:attachment":[{"href":"https:\/\/medifruver.es\/de\/wp-json\/wp\/v2\/media?parent=1277"}],"curies":[{"name":"wp","href":"https:\/\/api.w.org\/{rel}","templated":true}]}}