{"id":1675,"date":"2024-10-23T09:20:01","date_gmt":"2024-10-23T07:20:01","guid":{"rendered":"https:\/\/medifruver.es\/?page_id=1675"},"modified":"2025-10-21T10:50:14","modified_gmt":"2025-10-21T08:50:14","slug":"aviso-legal","status":"publish","type":"page","link":"https:\/\/medifruver.es\/de\/aviso-legal\/","title":{"rendered":"Rechtlicher Hinweis"},"content":{"rendered":"<div class=\"entry-content clear\">\n<header class=\"entry-header\">\n<h3 class=\"entry-title\"><strong>Identifizierung und Eigentum<\/strong><\/h3>\n<\/header>\n<div class=\"entry-content clear\">\n<p>In \u00dcbereinstimmung mit Artikel 10 des Gesetzes 34 \/ 2002 vom 11. Juli 2002 \u00fcber die Dienste der Informationsgesellschaft und den elektronischen Handel gibt der Inhaber seine Identifikationsdaten an.<\/p>\n<p><strong>Inhaberin: ECO SUR FRUTAS Y VEGETALES SL<br \/>\n<\/strong><\/p>\n<p><strong>NIF\/CIF: B30895353<br \/>\n<\/strong><\/p>\n<p><strong>E-Mail:<\/strong> <a class=\"ql-link\" href=\"mailto:administracion@medifruver.com\" target=\"_blank\" rel=\"noopener noreferrer\">administracion@medifruver.com<\/a><br \/>\n<strong>Website: <\/strong><span class=\"s1\"><a class=\"ql-link\" href=\"http:\/\/medifruver.es\/de\/\" target=\"_blank\" rel=\"noopener noreferrer\">medifruver.co.uk<\/a><a href=\"http:\/\/tensegrityfisioterapia.es\" target=\"_blank\" rel=\"noopener\">\u00a0<\/a><\/span><\/p>\n<p><strong>Bedingungen f\u00fcr die Nutzung<\/strong><\/p>\n<p>Die Nutzung der Website verleiht Ihnen den Status eines Benutzers und setzt die volle Akzeptanz aller auf den Seiten enthaltenen Klauseln und Nutzungsbedingungen voraus:<\/p>\n<ul>\n<li>Rechtlicher Hinweis<\/li>\n<li>Datenschutzbestimmungen<\/li>\n<li>Cookie-Richtlinie<\/li>\n<\/ul>\n<p>Wenn Sie nicht mit jeder einzelnen dieser Bedingungen einverstanden sind, sehen Sie bitte von der Nutzung dieser Website ab.<\/p>\n<p>Der Zugriff auf diese Website impliziert in keiner Weise die Aufnahme einer Gesch\u00e4ftsbeziehung mit dem Eigent\u00fcmer.<\/p>\n<p>\u00dcber diese Website erm\u00f6glicht Ihnen der Beherberger den Zugang zu und die Nutzung von verschiedenen Inhalten, die der Beherberger oder seine Mitarbeiter im Internet ver\u00f6ffentlicht haben.<\/p>\n<p>In diesem Sinne verpflichten Sie sich, die Inhalte der Website NICHT f\u00fcr unerlaubte Zwecke oder Wirkungen zu verwenden, die in den vorliegenden rechtlichen Hinweisen oder durch die geltende Gesetzgebung verboten sind, die die Rechte und Interessen Dritter verletzen oder die in irgendeiner Weise den Inhalt, die Computerausr\u00fcstung oder die Dokumente, Dateien und alle Arten von Inhalten, die auf einer Computerausr\u00fcstung gespeichert sind, die dem Eigent\u00fcmer, anderen Nutzern oder anderen Internetnutzern geh\u00f6rt oder von ihnen in Auftrag gegeben wurde, besch\u00e4digen, deaktivieren, \u00fcberlasten, verschlechtern oder die normale Nutzung verhindern k\u00f6nnen.<\/p>\n<p><strong>Kommentare\u00a0<\/strong><\/p>\n<p>Der Eigent\u00fcmer beh\u00e4lt sich das Recht vor, Kommentare zu entfernen, die gegen geltendes Recht versto\u00dfen, die Rechte oder Interessen Dritter verletzen oder die seiner Meinung nach nicht zur Ver\u00f6ffentlichung geeignet sind.<\/p>\n<p>Der Eigent\u00fcmer haftet nicht f\u00fcr die Meinungen, die von den Nutzern \u00fcber das Kommentarsystem, die sozialen Netzwerke oder andere Beteiligungsinstrumente ge\u00e4u\u00dfert werden, in \u00dcbereinstimmung mit den Bestimmungen der geltenden Vorschriften.<\/p>\n<p><strong>Erwachsen werden<\/strong><\/p>\n<p>Sie m\u00fcssen mindestens 18 Jahre alt sein, um die vom Inhaber angebotenen Dienste nutzen zu k\u00f6nnen, oder das f\u00fcr Ihr Land vorgeschriebene Vollj\u00e4hrigkeitsalter erreicht haben, um sich auf der Website zu registrieren oder diese zu nutzen. Wenn Sie Ihren Wohnsitz in einem Land au\u00dferhalb der Europ\u00e4ischen Region haben, m\u00fcssen Sie mindestens 13 Jahre alt sein, um die Website nutzen zu k\u00f6nnen, oder das f\u00fcr Ihr Land vorgeschriebene Vollj\u00e4hrigkeitsalter erreicht haben, um sich auf der Website zu registrieren oder sie zu nutzen.<\/p>\n<p>Wenn Sie nicht alt genug sind, um unsere Allgemeinen Gesch\u00e4ftsbedingungen in Ihrem Land zu akzeptieren, m\u00fcssen Ihre Eltern oder Erziehungsberechtigten unsere Allgemeinen Gesch\u00e4ftsbedingungen in Ihrem Namen akzeptieren, abgesehen von dem Mindestalter, das nach geltendem Recht f\u00fcr die Nutzung der Website erforderlich ist.<\/p>\n<p><strong>Sicherheitsma\u00dfnahmen<\/strong><\/p>\n<p>Die dem Inhaber zur Verf\u00fcgung gestellten personenbezogenen Daten k\u00f6nnen in automatisierten oder nicht automatisierten Datenbanken gespeichert werden, deren Eigent\u00fcmer ausschlie\u00dflich der Inhaber ist, der alle technischen, organisatorischen und sicherheitstechnischen Ma\u00dfnahmen ergreift, um die Vertraulichkeit, Integrit\u00e4t und Qualit\u00e4t der darin enthaltenen Informationen gem\u00e4\u00df den Bestimmungen der geltenden Datenschutzgesetze zu gew\u00e4hrleisten.<\/p>\n<p>Sie sollten sich jedoch dar\u00fcber im Klaren sein, dass die Sicherheitsvorkehrungen von Computersystemen im Internet nicht v\u00f6llig zuverl\u00e4ssig sind und dass der Inhaber daher nicht garantieren kann, dass keine Viren oder andere Elemente vorhanden sind, die Ver\u00e4nderungen in den Computersystemen (Software und Hardware) des Benutzers oder in den darin enthaltenen elektronischen Dokumenten und Dateien verursachen k\u00f6nnen, obwohl der Inhaber alle Anstrengungen unternimmt und die erforderlichen Sicherheitsma\u00dfnahmen ergreift, um das Vorhandensein dieser sch\u00e4dlichen Elemente zu vermeiden.<\/p>\n<p><strong>Pers\u00f6nliche Daten<\/strong><\/p>\n<p>Sie k\u00f6nnen alle Informationen \u00fcber die Verarbeitung der vom f\u00fcr die Verarbeitung Verantwortlichen gesammelten personenbezogenen Daten auf der Seite Datenschutzpolitik einsehen.<\/p>\n<p><strong>Inhalt<\/strong><\/p>\n<p>Der Inhaber hat die auf der Website enthaltenen Informationen, Multimedia-Inhalte und Materialien aus Quellen bezogen, die er f\u00fcr zuverl\u00e4ssig h\u00e4lt. Obwohl er alle angemessenen Schritte unternommen hat, um sicherzustellen, dass die enthaltenen Informationen korrekt sind, \u00fcbernimmt der Inhaber keine Gew\u00e4hr f\u00fcr deren Richtigkeit, Vollst\u00e4ndigkeit oder Aktualit\u00e4t. Der Inhaber lehnt ausdr\u00fccklich jede Haftung f\u00fcr Fehler oder Auslassungen in den auf den Seiten dieser Website enthaltenen Informationen ab.<\/p>\n<p>Es ist verboten, \u00fcber die Website illegale oder unzul\u00e4ssige Inhalte, Computerviren oder Nachrichten zu \u00fcbermitteln oder zu versenden, die im Allgemeinen die Rechte des Inhabers oder Dritter beeintr\u00e4chtigen oder verletzen.<\/p>\n<p>Der Inhalt der Website dient ausschlie\u00dflich Informationszwecken und darf unter keinen Umst\u00e4nden als Verkaufsangebot, als Aufforderung zum Kauf oder als Empfehlung zum Abschluss einer anderen Transaktion verwendet oder betrachtet werden, es sei denn, dies ist ausdr\u00fccklich angegeben.<\/p>\n<p>Der Eigent\u00fcmer beh\u00e4lt sich das Recht vor, den Inhalt der Website, die Links oder die \u00fcber die Website erhaltenen Informationen ohne vorherige Ank\u00fcndigung zu \u00e4ndern, auszusetzen, zu l\u00f6schen oder einzuschr\u00e4nken.<\/p>\n<p>Der Beherberger haftet nicht f\u00fcr Sch\u00e4den, die aus der Nutzung der Informationen auf der Website oder der in den sozialen Netzwerken des Beherbergers enthaltenen Informationen entstehen k\u00f6nnen.<\/p>\n<p><strong>Cookies-Politik<\/strong><\/p>\n<p>Auf der Seite Cookies-Politik k\u00f6nnen Sie alle Informationen \u00fcber die Politik zur Sammlung und Verarbeitung von Cookies einsehen.<\/p>\n<p>Der Eigent\u00fcmer sammelt und speichert nur die folgenden Informationen \u00fcber die Besucher der Website:<\/p>\n<ul>\n<li>Der Dom\u00e4nenname des Anbieters (ISP) und\/oder die IP-Adresse, die ihm den Zugang zum Netz erm\u00f6glicht.<\/li>\n<li>Das Datum und die Uhrzeit des Zugriffs auf die Website.<\/li>\n<li>Die Quell-Internetadresse des Links zur Website.<\/li>\n<li>Die Anzahl der t\u00e4glichen Besucher in jeder Rubrik.<\/li>\n<li>Die erhaltenen Informationen sind v\u00f6llig anonym und k\u00f6nnen in keinem Fall mit einem bestimmten und identifizierten Benutzer in Verbindung gebracht werden.<\/li>\n<li>N\u00fctzliche Links zu anderen Websites<\/li>\n<\/ul>\n<p>Der Beherberger kann durch Links den Zugang zu Websites Dritter erm\u00f6glichen, um \u00fcber die Existenz anderer Informationsquellen im Internet zu informieren, wo Sie weitere Informationen \u00fcber die Website finden k\u00f6nnen.<\/p>\n<p>Diese Links zu anderen Websites sind in keiner Weise ein Vorschlag oder eine Empfehlung f\u00fcr Sie, die Ziel-Websites zu besuchen, die au\u00dferhalb der Kontrolle des Inhabers liegen, und der Inhaber ist nicht verantwortlich f\u00fcr den Inhalt der verlinkten Websites oder das Ergebnis, das Sie erhalten, wenn Sie den Links folgen.<\/p>\n<p>Der Beherberger ist auch nicht verantwortlich f\u00fcr die Links oder Verkn\u00fcpfungen auf den verlinkten Websites, zu denen er Zugang gew\u00e4hrt.<\/p>\n<p>Die Einrichtung des Links impliziert in keinem Fall das Bestehen einer Beziehung zwischen dem Inhaber und dem Eigent\u00fcmer der Website, auf der der Link eingerichtet ist, noch die Annahme oder Billigung von deren Inhalten oder Dienstleistungen durch den Inhaber.<\/p>\n<p>Wenn Sie \u00fcber einen Link, den Sie auf der Website finden, auf eine externe Website zugreifen, sollten Sie die Datenschutzrichtlinien der anderen Website lesen, die sich von denen dieser Website unterscheiden k\u00f6nnen.<\/p>\n<p><strong>Geistiges und gewerbliches Eigentum<\/strong><\/p>\n<p>Alle Rechte vorbehalten.<\/p>\n<p>Jeder Zugang zu dieser Website unterliegt den folgenden Bedingungen: Die Reproduktion, dauerhafte Speicherung und Verbreitung der Inhalte oder jede andere Verwendung f\u00fcr \u00f6ffentliche oder kommerzielle Zwecke ist ohne vorherige ausdr\u00fcckliche schriftliche Zustimmung des Inhabers ausdr\u00fccklich untersagt.<\/p>\n<p><strong>Begrenzung der Haftung<\/strong><\/p>\n<p>Die Informationen und Dienstleistungen, die auf dieser Website enthalten oder \u00fcber sie verf\u00fcgbar sind, k\u00f6nnen Ungenauigkeiten oder typografische Fehler enthalten. Der Beherberger nimmt regelm\u00e4\u00dfig Verbesserungen und\/oder \u00c4nderungen an den enthaltenen Informationen und\/oder den Dienstleistungen vor, die jederzeit eingef\u00fchrt werden k\u00f6nnen.<\/p>\n<p>Der Beherberger \u00fcbernimmt keine Gew\u00e4hr daf\u00fcr, dass die Dienste oder Inhalte ununterbrochen oder fehlerfrei zur Verf\u00fcgung stehen, dass Fehler behoben werden oder dass der Dienst oder der Server, der ihn zur Verf\u00fcgung stellt, frei von Viren oder anderen sch\u00e4dlichen Komponenten sind, auch wenn der Beherberger alle Anstrengungen unternimmt, um solche Vorf\u00e4lle zu vermeiden.<\/p>\n<p>Der Inhaber lehnt jede Verantwortung im Falle von Unterbrechungen oder Funktionsst\u00f6rungen der im Internet angebotenen Dienstleistungen oder Inhalte ab, unabh\u00e4ngig von deren Ursache. Ebenso haftet der Beherberger nicht f\u00fcr Netzausf\u00e4lle, Gesch\u00e4ftsausf\u00e4lle infolge solcher Ausf\u00e4lle, vor\u00fcbergehende Unterbrechungen der Stromversorgung oder jede andere Art von indirekten Sch\u00e4den, die durch Ursachen au\u00dferhalb der Kontrolle des Beherbergers verursacht werden k\u00f6nnen.<\/p>\n<p>Bevor Sie Entscheidungen und\/oder Handlungen auf der Grundlage der auf der Website enthaltenen Informationen treffen, empfiehlt Ihnen der Inhaber, die erhaltenen Informationen mit anderen Quellen zu vergleichen.<\/p>\n<p><strong>Recht auf Ausschluss\u00a0<\/strong><\/p>\n<p>Titular beh\u00e4lt sich das Recht vor, Nutzern, die gegen eine der Bedingungen dieses rechtlichen Hinweises versto\u00dfen, den Zugang zur Website und zu den angebotenen Diensten ohne vorherige Ank\u00fcndigung zu verweigern oder zu entziehen, sei es auf eigenen Wunsch oder auf Wunsch Dritter.<\/p>\n<p><strong>Zust\u00e4ndigkeitsbereich<\/strong><\/p>\n<p>Dieser rechtliche Hinweis unterliegt ausschlie\u00dflich dem spanischen Recht.<\/p>\n<p>Vorbehaltlich anderslautender Vorschriften unterwerfen sich die Parteien f\u00fcr alle Fragen, die sich in Bezug auf die Auslegung, Anwendung und Erf\u00fcllung des vorliegenden rechtlichen Hinweises ergeben k\u00f6nnen, sowie f\u00fcr alle Anspr\u00fcche, die sich aus seiner Verwendung ergeben k\u00f6nnen, den Gerichten der Provinz Madrid und verzichten ausdr\u00fccklich auf jede andere Zust\u00e4ndigkeit, die ihnen zustehen k\u00f6nnte.<\/p>\n<p><strong>Kontakt<\/strong><\/p>\n<p>Wenn Sie Fragen zu diesen Bedingungen haben oder Anmerkungen zu dieser Website machen m\u00f6chten, k\u00f6nnen Sie eine E-Mail an die E-Mail-Adresse senden: <a class=\"ql-link\" href=\"http:\/\/medifruver.es\/de\/\" target=\"_blank\" rel=\"noopener noreferrer\">medifruver.co.uk<\/a><\/p>\n<\/div>\n<\/div>","protected":false},"excerpt":{"rendered":"<p>Identificaci\u00f3n y Titularidad En cumplimiento del art\u00edculo 10 de la Ley 34 \/ 2002, de 11 de julio, de Servicios de la Sociedad de la Informaci\u00f3n y Comercio Electr\u00f3nico, el Titular expone sus datos identificativos. Titular: ECO SUR FRUTAS Y VEGETALES SL NIF\/CIF: B30895353 Correo electr\u00f3nico: administracion@medifruver.com Sitio Web: medifruver.es\u00a0 Condiciones de Uso La utilizaci\u00f3n [&hellip;]<\/p>","protected":false},"author":1,"featured_media":0,"parent":0,"menu_order":0,"comment_status":"closed","ping_status":"closed","template":"","meta":{"site-sidebar-layout":"default","site-content-layout":"","ast-site-content-layout":"default","site-content-style":"default","site-sidebar-style":"default","ast-global-header-display":"","ast-banner-title-visibility":"","ast-main-header-display":"","ast-hfb-above-header-display":"","ast-hfb-below-header-display":"","ast-hfb-mobile-header-display":"","site-post-title":"","ast-breadcrumbs-content":"","ast-featured-img":"","footer-sml-layout":"","theme-transparent-header-meta":"default","adv-header-id-meta":"","stick-header-meta":"","header-above-stick-meta":"","header-main-stick-meta":"","header-below-stick-meta":"","astra-migrate-meta-layouts":"set","ast-page-background-enabled":"default","ast-page-background-meta":{"desktop":{"background-color":"","background-image":"","background-repeat":"repeat","background-position":"center center","background-size":"auto","background-attachment":"scroll","background-type":"","background-media":"","overlay-type":"","overlay-color":"","overlay-opacity":"","overlay-gradient":""},"tablet":{"background-color":"","background-image":"","background-repeat":"repeat","background-position":"center center","background-size":"auto","background-attachment":"scroll","background-type":"","background-media":"","overlay-type":"","overlay-color":"","overlay-opacity":"","overlay-gradient":""},"mobile":{"background-color":"","background-image":"","background-repeat":"repeat","background-position":"center center","background-size":"auto","background-attachment":"scroll","background-type":"","background-media":"","overlay-type":"","overlay-color":"","overlay-opacity":"","overlay-gradient":""}},"ast-content-background-meta":{"desktop":{"background-color":"var(--ast-global-color-5)","background-image":"","background-repeat":"repeat","background-position":"center center","background-size":"auto","background-attachment":"scroll","background-type":"","background-media":"","overlay-type":"","overlay-color":"","overlay-opacity":"","overlay-gradient":""},"tablet":{"background-color":"var(--ast-global-color-5)","background-image":"","background-repeat":"repeat","background-position":"center center","background-size":"auto","background-attachment":"scroll","background-type":"","background-media":"","overlay-type":"","overlay-color":"","overlay-opacity":"","overlay-gradient":""},"mobile":{"background-color":"var(--ast-global-color-5)","background-image":"","background-repeat":"repeat","background-position":"center center","background-size":"auto","background-attachment":"scroll","background-type":"","background-media":"","overlay-type":"","overlay-color":"","overlay-opacity":"","overlay-gradient":""}},"footnotes":""},"class_list":["post-1675","page","type-page","status-publish","hentry"],"_links":{"self":[{"href":"https:\/\/medifruver.es\/de\/wp-json\/wp\/v2\/pages\/1675","targetHints":{"allow":["GET"]}}],"collection":[{"href":"https:\/\/medifruver.es\/de\/wp-json\/wp\/v2\/pages"}],"about":[{"href":"https:\/\/medifruver.es\/de\/wp-json\/wp\/v2\/types\/page"}],"author":[{"embeddable":true,"href":"https:\/\/medifruver.es\/de\/wp-json\/wp\/v2\/users\/1"}],"replies":[{"embeddable":true,"href":"https:\/\/medifruver.es\/de\/wp-json\/wp\/v2\/comments?post=1675"}],"version-history":[{"count":2,"href":"https:\/\/medifruver.es\/de\/wp-json\/wp\/v2\/pages\/1675\/revisions"}],"predecessor-version":[{"id":2641,"href":"https:\/\/medifruver.es\/de\/wp-json\/wp\/v2\/pages\/1675\/revisions\/2641"}],"wp:attachment":[{"href":"https:\/\/medifruver.es\/de\/wp-json\/wp\/v2\/media?parent=1675"}],"curies":[{"name":"wp","href":"https:\/\/api.w.org\/{rel}","templated":true}]}}