{"id":1681,"date":"2024-10-23T09:32:32","date_gmt":"2024-10-23T07:32:32","guid":{"rendered":"https:\/\/medifruver.es\/?page_id=1681"},"modified":"2024-11-05T10:23:27","modified_gmt":"2024-11-05T09:23:27","slug":"accesibilidad","status":"publish","type":"page","link":"https:\/\/medifruver.es\/de\/accesibilidad\/","title":{"rendered":"Erreichbarkeit"},"content":{"rendered":"<div class=\"entry-content clear\">\n<p>Unter <a class=\"ql-link\" href=\"https:\/\/medifruver.es\/de\/\" target=\"_blank\" rel=\"noopener noreferrer\">https:\/\/medifruver.es\/<\/a>Wir sind bestrebt, allen unseren Nutzern ein zug\u00e4ngliches Online-Erlebnis zu bieten, unabh\u00e4ngig von ihren F\u00e4higkeiten oder Einschr\u00e4nkungen. Wir glauben fest an die digitale Inklusion und setzen uns daf\u00fcr ein, dass unsere Website f\u00fcr alle Besucher zug\u00e4nglich ist. Hier, im Abschnitt Zug\u00e4nglichkeit, finden Sie Informationen und Ressourcen, die wir eingef\u00fchrt haben, um Ihnen die Navigation und das Verst\u00e4ndnis unserer Website zu erleichtern.<\/p>\n<p>Grunds\u00e4tze der Zug\u00e4nglichkeit:<\/p>\n<ol>\n<li>Integratives Design: Wir haben einen nutzerzentrierten Designansatz gew\u00e4hlt, um sicherzustellen, dass unsere Website f\u00fcr alle Besucher zug\u00e4nglich ist, unabh\u00e4ngig von ihren k\u00f6rperlichen oder kognitiven F\u00e4higkeiten. Wir bem\u00fchen uns, eine Online-Umgebung zu schaffen, die intuitiv, einfach zu bedienen und f\u00fcr jeden verst\u00e4ndlich ist.<\/li>\n<li>Einhaltung von Standards: Unser Entwicklungsteam hat sich verpflichtet, die vom World Wide Web Consortium (W3C) festgelegten Zug\u00e4nglichkeitsrichtlinien zu befolgen. Wir setzen die Empfehlungen der als WCAG 2.1 (Web Content Accessibility Guidelines) bekannten Zug\u00e4nglichkeitsrichtlinien um, um die Zug\u00e4nglichkeit unserer Website zu gew\u00e4hrleisten.<\/li>\n<li>Einfache Navigation: Wir haben unsere Website so gestaltet, dass die Navigation einfach und intuitiv ist. Wir verwenden klare, beschreibende Bezeichnungen und eine einheitliche Navigationsstruktur auf allen unseren Seiten. Dar\u00fcber hinaus bieten wir alternative Navigationsm\u00f6glichkeiten wie Dropdown-Men\u00fcs und Tastaturnavigation, um unterschiedlichen Bed\u00fcrfnissen und Vorlieben gerecht zu werden.<\/li>\n<li>Angepasster Inhalt: Wir bem\u00fchen uns, leicht verst\u00e4ndliche und anpassbare Inhalte zu liefern. Wir verwenden eine klare und pr\u00e4gnante Sprache in unseren Texten und vermeiden unn\u00f6tigen Fachjargon. Dar\u00fcber hinaus bieten wir Optionen zur Anpassung von Textgr\u00f6\u00dfe und Kontrast, um eine optimale Lesbarkeit zu gew\u00e4hrleisten.<\/li>\n<li>Unterst\u00fctzung f\u00fcr Hilfstechnologien: Wir erkennen die Bedeutung von Hilfstechnologien f\u00fcr viele Menschen mit Behinderungen an. Daher stellen wir sicher, dass unsere Website mit Technologien wie Bildschirmleseger\u00e4ten, alternativen Tastaturen und Spracherkennungssoftware kompatibel ist. Au\u00dferdem optimieren wir die Kompatibilit\u00e4t mit Webstandards, um den Zugang mit verschiedenen Ger\u00e4ten und Browsern zu erleichtern.<\/li>\n<\/ol>\n<p>Wir sind bestrebt, unsere Online-Zug\u00e4nglichkeit st\u00e4ndig zu verbessern und sch\u00e4tzen das Feedback unserer Nutzer. Wenn Sie Fragen oder Anregungen haben oder auf unserer Website auf Barrieren sto\u00dfen, z\u00f6gern Sie bitte nicht, unser Support-Team zu kontaktieren. Lassen Sie uns gemeinsam daran arbeiten, dass <a class=\"ql-link\" href=\"https:\/\/medifruver.es\/de\/\" target=\"_blank\" rel=\"noopener noreferrer\">medifruver.co.uk<\/a> ein integrativer und zug\u00e4nglicher Raum f\u00fcr alle sein.<\/p>\n<\/div>","protected":false},"excerpt":{"rendered":"<p>En https:\/\/medifruver.es\/, \u00a0nos esforzamos por brindar una experiencia en l\u00ednea accesible para todos nuestros usuarios, sin importar sus habilidades o limitaciones. Creemos firmemente en la inclusi\u00f3n digital y nos comprometemos a garantizar que nuestro sitio web sea accesible para todos los visitantes. Aqu\u00ed, en la secci\u00f3n de Accesibilidad, encontrar\u00e1 informaci\u00f3n y recursos que hemos implementado [&hellip;]<\/p>","protected":false},"author":1,"featured_media":0,"parent":0,"menu_order":0,"comment_status":"closed","ping_status":"closed","template":"","meta":{"site-sidebar-layout":"default","site-content-layout":"","ast-site-content-layout":"default","site-content-style":"default","site-sidebar-style":"default","ast-global-header-display":"","ast-banner-title-visibility":"","ast-main-header-display":"","ast-hfb-above-header-display":"","ast-hfb-below-header-display":"","ast-hfb-mobile-header-display":"","site-post-title":"","ast-breadcrumbs-content":"","ast-featured-img":"","footer-sml-layout":"","theme-transparent-header-meta":"default","adv-header-id-meta":"","stick-header-meta":"","header-above-stick-meta":"","header-main-stick-meta":"","header-below-stick-meta":"","astra-migrate-meta-layouts":"set","ast-page-background-enabled":"default","ast-page-background-meta":{"desktop":{"background-color":"","background-image":"","background-repeat":"repeat","background-position":"center center","background-size":"auto","background-attachment":"scroll","background-type":"","background-media":"","overlay-type":"","overlay-color":"","overlay-opacity":"","overlay-gradient":""},"tablet":{"background-color":"","background-image":"","background-repeat":"repeat","background-position":"center center","background-size":"auto","background-attachment":"scroll","background-type":"","background-media":"","overlay-type":"","overlay-color":"","overlay-opacity":"","overlay-gradient":""},"mobile":{"background-color":"","background-image":"","background-repeat":"repeat","background-position":"center center","background-size":"auto","background-attachment":"scroll","background-type":"","background-media":"","overlay-type":"","overlay-color":"","overlay-opacity":"","overlay-gradient":""}},"ast-content-background-meta":{"desktop":{"background-color":"var(--ast-global-color-5)","background-image":"","background-repeat":"repeat","background-position":"center center","background-size":"auto","background-attachment":"scroll","background-type":"","background-media":"","overlay-type":"","overlay-color":"","overlay-opacity":"","overlay-gradient":""},"tablet":{"background-color":"var(--ast-global-color-5)","background-image":"","background-repeat":"repeat","background-position":"center center","background-size":"auto","background-attachment":"scroll","background-type":"","background-media":"","overlay-type":"","overlay-color":"","overlay-opacity":"","overlay-gradient":""},"mobile":{"background-color":"var(--ast-global-color-5)","background-image":"","background-repeat":"repeat","background-position":"center center","background-size":"auto","background-attachment":"scroll","background-type":"","background-media":"","overlay-type":"","overlay-color":"","overlay-opacity":"","overlay-gradient":""}},"footnotes":""},"class_list":["post-1681","page","type-page","status-publish","hentry"],"_links":{"self":[{"href":"https:\/\/medifruver.es\/de\/wp-json\/wp\/v2\/pages\/1681","targetHints":{"allow":["GET"]}}],"collection":[{"href":"https:\/\/medifruver.es\/de\/wp-json\/wp\/v2\/pages"}],"about":[{"href":"https:\/\/medifruver.es\/de\/wp-json\/wp\/v2\/types\/page"}],"author":[{"embeddable":true,"href":"https:\/\/medifruver.es\/de\/wp-json\/wp\/v2\/users\/1"}],"replies":[{"embeddable":true,"href":"https:\/\/medifruver.es\/de\/wp-json\/wp\/v2\/comments?post=1681"}],"version-history":[{"count":2,"href":"https:\/\/medifruver.es\/de\/wp-json\/wp\/v2\/pages\/1681\/revisions"}],"predecessor-version":[{"id":2113,"href":"https:\/\/medifruver.es\/de\/wp-json\/wp\/v2\/pages\/1681\/revisions\/2113"}],"wp:attachment":[{"href":"https:\/\/medifruver.es\/de\/wp-json\/wp\/v2\/media?parent=1681"}],"curies":[{"name":"wp","href":"https:\/\/api.w.org\/{rel}","templated":true}]}}