{"id":3,"date":"2024-10-16T11:19:55","date_gmt":"2024-10-16T11:19:55","guid":{"rendered":"http:\/\/medifruver.es\/?page_id=3"},"modified":"2024-10-23T09:27:56","modified_gmt":"2024-10-23T07:27:56","slug":"politica-de-privacidad","status":"publish","type":"page","link":"https:\/\/medifruver.es\/de\/politica-de-privacidad\/","title":{"rendered":"Datenschutzbestimmungen"},"content":{"rendered":"<p>Datenschutzpolitik bez\u00fcglich der Verarbeitung und des Schutzes der pers\u00f6nlichen Daten von Nutzern und Kunden, die beim Surfen oder bei der Inanspruchnahme von Dienstleistungen \u00fcber die Website gesammelt werden k\u00f6nnen.\u00a0<a href=\"http:\/\/medifruver.es\/de\/\" target=\"_blank\" rel=\"noopener\">http:\/\/medifruver.es<\/a><\/p>\r\n<p>In dieser Hinsicht garantiert der f\u00fcr die Verarbeitung Verantwortliche die Einhaltung der geltenden Rechtsvorschriften zum Schutz personenbezogener Daten, die im Organgesetz 3\/2018 vom 5. Dezember \u00fcber den Schutz personenbezogener Daten und die Gew\u00e4hrleistung digitaler Rechte (LOPD GDD) enthalten sind. Sie erf\u00fcllt auch die Verordnung (EU) 2016\/679 des Europ\u00e4ischen Parlaments und des Rates vom 27. April 2016 \u00fcber den Schutz nat\u00fcrlicher Personen (GDPR).<\/p>\r\n<p>Die Nutzung der Website setzt die Zustimmung zu dieser Datenschutzrichtlinie sowie zu den im rechtlichen Hinweis enthaltenen Bedingungen voraus.<\/p>\r\n<p>Identit\u00e4t der verantwortlichen Person<\/p>\r\n<p><strong>Inhaber: MEDIFRUVER SOC. COOP.<br \/><\/strong><\/p>\r\n<p><strong>NIF\/CIF: B30895353<br \/><\/strong><\/p>\r\n<p><strong>E-Mail:<\/strong> <a class=\"ql-link\" href=\"mailto:administracion@medifruver.com\" target=\"_blank\" rel=\"noopener noreferrer\">administracion@medifruver.com<\/a>\u00a0<br \/><strong>Website: <\/strong><a class=\"ql-link\" href=\"http:\/\/medifruver.es\/de\/\" target=\"_blank\" rel=\"noopener noreferrer\">medifruver.co.uk<\/a><a class=\"ql-link\" href=\"http:\/\/greenhrsolutions.es\/\" target=\"_blank\" rel=\"noopener noreferrer\">\u00a0<\/a><\/p>\r\n<p>&nbsp;<\/p>\r\n<p><strong>Grunds\u00e4tze der Datenverarbeitung<\/strong><\/p>\r\n<p>Bei der Verarbeitung Ihrer personenbezogenen Daten wendet der f\u00fcr die Verarbeitung Verantwortliche die folgenden Grunds\u00e4tze an, die mit den Anforderungen der neuen europ\u00e4ischen Datenschutzverordnung \u00fcbereinstimmen:<\/p>\r\n<p>Grundsatz der Rechtm\u00e4\u00dfigkeit, Fairness und Transparenz: Der f\u00fcr die Verarbeitung Verantwortliche wird stets die Zustimmung zur Verarbeitung Ihrer personenbezogenen Daten einholen, die einem oder mehreren bestimmten Zwecken dienen kann, \u00fcber die Sie im Voraus in absoluter Transparenz informiert werden.<\/p>\r\n<p>Grundsatz der Datenminimierung: Der f\u00fcr die Verarbeitung Verantwortliche wird von Ihnen nur die Daten anfordern, die f\u00fcr den Zweck oder die Zwecke, f\u00fcr die sie angefordert werden, unbedingt erforderlich sind.<\/p>\r\n<p>Grundsatz der Begrenzung der Speicherdauer: Die Daten werden nur so lange aufbewahrt, wie es f\u00fcr den\/die Zweck(e) der Verarbeitung unbedingt erforderlich ist.<\/p>\r\n<p>Der f\u00fcr die Verarbeitung Verantwortliche wird Sie \u00fcber den entsprechenden Aufbewahrungszeitraum je nach Zweck informieren. Im Falle von Abonnements wird der f\u00fcr die Verarbeitung Verantwortliche die Listen regelm\u00e4\u00dfig \u00fcberpr\u00fcfen und die Datens\u00e4tze l\u00f6schen, die \u00fcber einen l\u00e4ngeren Zeitraum inaktiv waren.<\/p>\r\n<p>Grundsatz der Integrit\u00e4t und Vertraulichkeit: Ihre Daten werden so behandelt, dass ihre Sicherheit, Vertraulichkeit und Integrit\u00e4t gew\u00e4hrleistet ist. Sie sollten wissen, dass der f\u00fcr die Verarbeitung Verantwortliche die notwendigen Vorkehrungen trifft, um den unbefugten Zugriff oder die missbr\u00e4uchliche Verwendung der Daten seiner Nutzer durch Dritte zu verhindern.<\/p>\r\n<p>&nbsp;<\/p>\r\n<p><strong>Erhebung von personenbezogenen Daten<\/strong><\/p>\r\n<p>Um auf SITIO-WEB zu surfen, m\u00fcssen Sie keine pers\u00f6nlichen Daten angeben. Die F\u00e4lle, in denen Sie Ihre pers\u00f6nlichen Daten angeben, sind die folgenden:<\/p>\r\n<ul>\r\n<li>Indem Sie uns \u00fcber die Kontaktformulare kontaktieren oder eine E-Mail senden.<\/li>\r\n<li>Bei Kommentaren zu einem Artikel oder einer Seite.<\/li>\r\n<li>Durch die Eintragung in ein Anmeldeformular oder einen Newsletter, den der Eigent\u00fcmer mit MailChimp verwaltet.<\/li>\r\n<\/ul>\r\n<p>&nbsp;<\/p>\r\n<p><strong>Ihre Rechte<\/strong><\/p>\r\n<p>Der f\u00fcr die Verarbeitung Verantwortliche teilt Ihnen mit, dass Sie das Recht haben, auf Ihre personenbezogenen Daten zuzugreifen:<\/p>\r\n<ul>\r\n<li>Zugriff auf gespeicherte Daten beantragen.<\/li>\r\n<li>eine Berichtigung oder L\u00f6schung beantragen.<\/li>\r\n<li>die Einschr\u00e4nkung ihrer Verarbeitung beantragen.<\/li>\r\n<li>Behandlung ablehnen.<\/li>\r\n<li>Beantragen Sie die \u00dcbertragbarkeit Ihrer Daten.<\/li>\r\n<\/ul>\r\n<p>Das bedeutet, dass jeder Kunde, Abonnent oder Mitarbeiter, der seine Daten zur Verf\u00fcgung gestellt hat, sich jederzeit an den f\u00fcr die Verarbeitung Verantwortlichen wenden und Auskunft \u00fcber die gespeicherten Daten und deren Herkunft verlangen kann, die Berichtigung der Daten, die \u00dcbertragbarkeit seiner personenbezogenen Daten, den Widerspruch gegen die Verarbeitung, die Einschr\u00e4nkung der Nutzung oder die L\u00f6schung dieser Daten in den Akten des f\u00fcr die Verarbeitung Verantwortlichen beantragen kann.<\/p>\r\n<p>Um Ihre Rechte auf Auskunft, Berichtigung, L\u00f6schung, \u00dcbertragbarkeit und Widerspruch auszu\u00fcben, m\u00fcssen Sie eine E-Mail senden an <a class=\"ql-link\" href=\"http:\/\/medifruver.es\/de\/\" target=\"_blank\" rel=\"noopener noreferrer\">medifruver.co.uk<\/a><a href=\"https:\/\/actenservices.com\/\" target=\"_blank\" rel=\"noopener\">\u00a0<\/a>\u00a0ist zusammen mit einem rechtsg\u00fcltigen Nachweis wie einer Fotokopie des Personalausweises oder eines gleichwertigen Dokuments einzureichen.<\/p>\r\n<p>Sie haben das Recht auf wirksamen Rechtsschutz und auf eine Beschwerde bei der Aufsichtsbeh\u00f6rde, in diesem Fall der spanischen Datenschutzbeh\u00f6rde, wenn Sie der Ansicht sind, dass die Verarbeitung der Sie betreffenden personenbezogenen Daten gegen die Verordnung verst\u00f6\u00dft.<\/p>\r\n<p>&nbsp;<\/p>\r\n<p><strong>Zweck der Verarbeitung von personenbezogenen Daten<\/strong><\/p>\r\n<p>Wenn Sie eine Verbindung zur Website herstellen, um eine E-Mail an den Eigent\u00fcmer zu senden, seinen Newsletter zu abonnieren oder einen Vertrag abzuschlie\u00dfen, stellen Sie personenbezogene Daten zur Verf\u00fcgung, f\u00fcr die der Eigent\u00fcmer verantwortlich ist. Diese Informationen k\u00f6nnen personenbezogene Daten wie Ihre IP-Adresse, Ihren Vor- und Nachnamen, Ihre Anschrift, Ihre E-Mail-Adresse, Ihre Telefonnummer und andere Informationen enthalten. Indem Sie diese Informationen zur Verf\u00fcgung stellen, erkl\u00e4ren Sie sich damit einverstanden, dass Ihre Daten gesammelt, verwendet, verwaltet und gespeichert werden von\u00a0<a href=\"http:\/\/superadmin.es\/\" target=\"_blank\" rel=\"noreferrer noopener\">superadmin.de<\/a>\u00a0nur wie in den rechtlichen Hinweisen und dieser Datenschutzerkl\u00e4rung beschrieben.<\/p>\r\n<p>Die personenbezogenen Daten und der Zweck der Verarbeitung durch die betroffene Person sind je nach Informationserfassungssystem unterschiedlich:<\/p>\r\n<ul>\r\n<li>Kontaktformulare: Der Inhaber bittet um personenbezogene Daten, die Folgendes umfassen k\u00f6nnen: Vor- und Nachname, E-Mail-Adresse, Telefonnummer und Adresse Ihrer Website, um Ihre Anfragen zu beantworten.<\/li>\r\n<\/ul>\r\n<p>Der f\u00fcr die Verarbeitung Verantwortliche verwendet diese Daten zum Beispiel, um auf Ihre Nachrichten, Zweifel, Beschwerden, Kommentare oder Bedenken zu antworten, die Sie in Bezug auf die auf der Website enthaltenen Informationen, die \u00fcber die Website angebotenen Dienstleistungen, die Verarbeitung Ihrer personenbezogenen Daten, Fragen zu den auf der Website enthaltenen Rechtstexten sowie alle anderen Anfragen haben, die nicht unter die Bedingungen der Website oder des Vertrags fallen.<\/p>\r\n<ul>\r\n<li>Formulare f\u00fcr das Abonnement von Inhalten: Der Eigent\u00fcmer bittet um folgende personenbezogene Daten: Vor- und Nachname, E-Mail-Adresse, Telefonnummer und Adresse Ihrer Website, um die Abonnentenliste zu verwalten, Newsletter, Werbeaktionen und Sonderangebote zu versenden.<\/li>\r\n<li>Die Daten, die Sie dem f\u00fcr die Verarbeitung Verantwortlichen zur Verf\u00fcgung stellen, werden auf den Servern von The Rocket Science Group LLC d\/b\/a mit Sitz in den USA (Mailchimp) gespeichert.<\/li>\r\n<\/ul>\r\n<p>Der f\u00fcr die Verarbeitung Verantwortliche verarbeitet Ihre personenbezogenen Daten auch zu anderen Zwecken:<\/p>\r\n<ul>\r\n<li>Die Einhaltung der im rechtlichen Hinweis genannten Bedingungen und des geltenden Rechts zu gew\u00e4hrleisten. Dies kann die Entwicklung von Tools und Algorithmen beinhalten, die dieser Website helfen, die Vertraulichkeit der gesammelten personenbezogenen Daten zu gew\u00e4hrleisten.<\/li>\r\n<li>Zur Unterst\u00fctzung und Verbesserung der auf dieser Website angebotenen Dienste.<\/li>\r\n<li>Zur Analyse des Surfverhaltens. Der Eigent\u00fcmer sammelt andere, nicht identifizierende Daten, die durch die Verwendung von Cookies gewonnen werden, die auf Ihren Computer heruntergeladen werden, wenn Sie auf der Website surfen, deren Merkmale und Zweck in der Cookie-Richtlinie detailliert beschrieben sind.<\/li>\r\n<li>Zur Verwaltung sozialer Netzwerke. Der f\u00fcr die Verarbeitung Verantwortliche ist in sozialen Netzwerken vertreten. Wenn Sie Follower in den sozialen Netzwerken des Inhabers werden, unterliegt die Verarbeitung personenbezogener Daten diesem Abschnitt sowie den Nutzungsbedingungen, Datenschutzrichtlinien und Zugangsregelungen des jeweiligen sozialen Netzwerks, die Sie zuvor akzeptiert haben.<\/li>\r\n<\/ul>\r\n<p>&nbsp;<\/p>\r\n<p><strong>Sicherheit der personenbezogenen Daten<\/strong><\/p>\r\n<p>Zum Schutz Ihrer personenbezogenen Daten ergreift der f\u00fcr die Verarbeitung Verantwortliche alle angemessenen Vorsichtsma\u00dfnahmen und befolgt die besten Praktiken der Branche, um den Verlust, den Missbrauch, den unsachgem\u00e4\u00dfen Zugriff, die Offenlegung, die \u00c4nderung oder die Zerst\u00f6rung Ihrer personenbezogenen Daten zu verhindern.<\/p>\r\n<p>Die Website wird von Arsys gehostet. Die Sicherheit Ihrer Daten ist gew\u00e4hrleistet, da sie alle notwendigen Sicherheitsma\u00dfnahmen ergreifen. Weitere Informationen finden Sie in der Datenschutzrichtlinie.<\/p>\r\n<p>&nbsp;<\/p>\r\n<p><strong>Inhalte von anderen Websites<\/strong><\/p>\r\n<p>Seiten auf dieser Website k\u00f6nnen eingebettete Inhalte (z. B. Videos, Bilder, Artikel usw.) enthalten. Eingebettete Inhalte von anderen Websites verhalten sich genau so, als ob Sie die andere Website besucht h\u00e4tten.<\/p>\r\n<p>Diese Websites k\u00f6nnen Daten \u00fcber Sie sammeln, Cookies verwenden, zus\u00e4tzlichen Tracking-Code von Dritten einbetten und Ihre Interaktion mit diesem Code \u00fcberwachen.<\/p>\r\n<p>&nbsp;<\/p>\r\n<p><strong>Cookie-Richtlinie<\/strong><\/p>\r\n<p>Damit diese Website ordnungsgem\u00e4\u00df funktioniert, muss sie Cookies verwenden, d. h. Informationen, die in Ihrem Webbrowser gespeichert werden.<\/p>\r\n<p>Auf der Seite Cookie-Politik k\u00f6nnen Sie alle Informationen \u00fcber die Sammlungspolitik, den Zweck und die Verarbeitung von Cookies einsehen.<\/p>\r\n<p>&nbsp;<\/p>\r\n<p><strong>Legitimation f\u00fcr die Datenverarbeitung<\/strong><\/p>\r\n<p>Die Rechtsgrundlage f\u00fcr die Verarbeitung Ihrer Daten ist: die Einwilligung.<\/p>\r\n<p>Um mit dem Eigent\u00fcmer in Kontakt zu treten, einen Newsletter zu abonnieren oder Kommentare auf dieser Website abzugeben, m\u00fcssen Sie diese Datenschutzrichtlinie akzeptieren.<\/p>\r\n<p>&nbsp;<\/p>\r\n<p><strong>Kategorien von personenbezogenen Daten<\/strong><\/p>\r\n<p>Der f\u00fcr die Verarbeitung Verantwortliche verarbeitet folgende Kategorien von personenbezogenen Daten:<\/p>\r\n<ul>\r\n<li>Identifizierungsdaten.<\/li>\r\n<li>Aufbewahrung von personenbezogenen Daten<\/li>\r\n<li>Die personenbezogenen Daten, die Sie dem f\u00fcr die Verarbeitung Verantwortlichen zur Verf\u00fcgung stellen, werden so lange gespeichert, bis Sie deren L\u00f6schung beantragen.<\/li>\r\n<li>Empf\u00e4nger von personenbezogenen Daten<\/li>\r\n<\/ul>\r\n<p>&nbsp;<\/p>\r\n<p><strong>Surfen im Internet<\/strong><\/p>\r\n<p>Beim Durchsuchen von <a class=\"ql-link\" href=\"http:\/\/medifruver.es\/de\/\" target=\"_blank\" rel=\"noopener noreferrer\">medifruver.co.uk<\/a><a class=\"ql-link\" href=\"http:\/\/greenhrsolutions.es\/\" target=\"_blank\" rel=\"noopener noreferrer\">\u00a0<\/a>\u00a0k\u00f6nnen nicht-identifizierende Daten gesammelt werden, wie z. B. IP-Adresse, Geolokalisierung, Aufzeichnung der Nutzung von Diensten und Websites, Surfgewohnheiten und andere Daten, die nicht zu Ihrer Identifizierung verwendet werden k\u00f6nnen.<\/p>\r\n<p>Die Website nutzt die folgenden Analysedienste Dritter:<\/p>\r\n<ul>\r\n<li>Google Analytics<\/li>\r\n<li>DoubleClick von Google<\/li>\r\n<\/ul>\r\n<p>Der Eigent\u00fcmer verwendet die erhaltenen Informationen, um statistische Daten zu erhalten, Trends zu analysieren, die Website zu verwalten, Browsing-Muster zu untersuchen und demographische Informationen zu sammeln.<\/p>\r\n<p>&nbsp;<\/p>\r\n<p><strong>Richtigkeit und Wahrhaftigkeit der personenbezogenen Daten<\/strong><\/p>\r\n<p>Sie verpflichten sich, daf\u00fcr zu sorgen, dass die dem f\u00fcr die Verarbeitung Verantwortlichen zur Verf\u00fcgung gestellten Daten richtig, vollst\u00e4ndig, genau und auf dem neuesten Stand sind, und sie ordnungsgem\u00e4\u00df zu aktualisieren.<\/p>\r\n<p>Als Nutzer der Website sind Sie allein f\u00fcr die Richtigkeit und Genauigkeit der Daten verantwortlich, die Sie an die Website \u00fcbermitteln, und entbinden den Inhaber von jeglicher diesbez\u00fcglichen Haftung.<\/p>\r\n<p>&nbsp;<\/p>\r\n<p><strong>Akzeptanz und Zustimmung<\/strong><\/p>\r\n<p>Als Nutzer der Website erkl\u00e4ren Sie, dass Sie \u00fcber die Bedingungen f\u00fcr den Schutz personenbezogener Daten informiert wurden und dass Sie die Verarbeitung dieser Daten durch den Eigent\u00fcmer in der Art und Weise und zu den Zwecken, die in dieser Datenschutzrichtlinie angegeben sind, akzeptieren und damit einverstanden sind.<\/p>\r\n<p>&nbsp;<\/p>\r\n<p><strong>Widerrufbarkeit<\/strong><\/p>\r\n<p>Um Ihre Rechte auf Auskunft, Berichtigung, L\u00f6schung, \u00dcbertragbarkeit und Widerspruch auszu\u00fcben, m\u00fcssen Sie eine E-Mail senden an <a class=\"ql-link\" href=\"http:\/\/medifruver.es\/de\/\" target=\"_blank\" rel=\"noopener noreferrer\">medifruver.co.uk<\/a><a class=\"ql-link\" href=\"http:\/\/greenhrsolutions.es\/\" target=\"_blank\" rel=\"noopener noreferrer\">\u00a0<\/a>zusammen mit einem rechtsg\u00fcltigen Nachweis wie einer Fotokopie des Personalausweises oder eines gleichwertigen Dokuments.<\/p>\r\n<p>Die Aus\u00fcbung Ihrer Rechte erstreckt sich nicht auf Daten, die der f\u00fcr die Verarbeitung Verantwortliche aus verwaltungstechnischen, rechtlichen oder sicherheitsrelevanten Gr\u00fcnden aufbewahren muss.<\/p>\r\n<p>&nbsp;<\/p>\r\n<p><strong>\u00c4nderungen der Datenschutzrichtlinie<\/strong><\/p>\r\n<p>Der Eigent\u00fcmer beh\u00e4lt sich das Recht vor, diese Datenschutzerkl\u00e4rung zu \u00e4ndern, um sie an neue Gesetzgebung oder Rechtsprechung sowie an Branchenpraktiken anzupassen.<\/p>\r\n<p>Diese Richtlinien bleiben in Kraft, bis sie durch andere, ordnungsgem\u00e4\u00df ver\u00f6ffentlichte Richtlinien ge\u00e4ndert werden.<\/p>","protected":false},"excerpt":{"rendered":"<p>Pol\u00edtica de Privacidad respecto del tratamiento y protecci\u00f3n de los datos de car\u00e1cter personal de los usuarios y clientes que puedan ser recabados por la navegaci\u00f3n o contrataci\u00f3n de servicios a trav\u00e9s del sitio Web\u00a0http:\/\/medifruver.es En este sentido, el Titular garantiza el cumplimiento de la normativa vigente en materia de protecci\u00f3n de datos personales, reflejada [&hellip;]<\/p>","protected":false},"author":1,"featured_media":0,"parent":0,"menu_order":0,"comment_status":"closed","ping_status":"open","template":"","meta":{"site-sidebar-layout":"default","site-content-layout":"","ast-site-content-layout":"default","site-content-style":"default","site-sidebar-style":"default","ast-global-header-display":"","ast-banner-title-visibility":"","ast-main-header-display":"","ast-hfb-above-header-display":"","ast-hfb-below-header-display":"","ast-hfb-mobile-header-display":"","site-post-title":"","ast-breadcrumbs-content":"","ast-featured-img":"","footer-sml-layout":"","theme-transparent-header-meta":"default","adv-header-id-meta":"","stick-header-meta":"","header-above-stick-meta":"","header-main-stick-meta":"","header-below-stick-meta":"","astra-migrate-meta-layouts":"set","ast-page-background-enabled":"default","ast-page-background-meta":{"desktop":{"background-color":"","background-image":"","background-repeat":"repeat","background-position":"center center","background-size":"auto","background-attachment":"scroll","background-type":"","background-media":"","overlay-type":"","overlay-color":"","overlay-opacity":"","overlay-gradient":""},"tablet":{"background-color":"","background-image":"","background-repeat":"repeat","background-position":"center center","background-size":"auto","background-attachment":"scroll","background-type":"","background-media":"","overlay-type":"","overlay-color":"","overlay-opacity":"","overlay-gradient":""},"mobile":{"background-color":"","background-image":"","background-repeat":"repeat","background-position":"center center","background-size":"auto","background-attachment":"scroll","background-type":"","background-media":"","overlay-type":"","overlay-color":"","overlay-opacity":"","overlay-gradient":""}},"ast-content-background-meta":{"desktop":{"background-color":"var(--ast-global-color-5)","background-image":"","background-repeat":"repeat","background-position":"center center","background-size":"auto","background-attachment":"scroll","background-type":"","background-media":"","overlay-type":"","overlay-color":"","overlay-opacity":"","overlay-gradient":""},"tablet":{"background-color":"var(--ast-global-color-5)","background-image":"","background-repeat":"repeat","background-position":"center center","background-size":"auto","background-attachment":"scroll","background-type":"","background-media":"","overlay-type":"","overlay-color":"","overlay-opacity":"","overlay-gradient":""},"mobile":{"background-color":"var(--ast-global-color-5)","background-image":"","background-repeat":"repeat","background-position":"center center","background-size":"auto","background-attachment":"scroll","background-type":"","background-media":"","overlay-type":"","overlay-color":"","overlay-opacity":"","overlay-gradient":""}},"footnotes":""},"class_list":["post-3","page","type-page","status-publish","hentry"],"_links":{"self":[{"href":"https:\/\/medifruver.es\/de\/wp-json\/wp\/v2\/pages\/3","targetHints":{"allow":["GET"]}}],"collection":[{"href":"https:\/\/medifruver.es\/de\/wp-json\/wp\/v2\/pages"}],"about":[{"href":"https:\/\/medifruver.es\/de\/wp-json\/wp\/v2\/types\/page"}],"author":[{"embeddable":true,"href":"https:\/\/medifruver.es\/de\/wp-json\/wp\/v2\/users\/1"}],"replies":[{"embeddable":true,"href":"https:\/\/medifruver.es\/de\/wp-json\/wp\/v2\/comments?post=3"}],"version-history":[{"count":4,"href":"https:\/\/medifruver.es\/de\/wp-json\/wp\/v2\/pages\/3\/revisions"}],"predecessor-version":[{"id":1680,"href":"https:\/\/medifruver.es\/de\/wp-json\/wp\/v2\/pages\/3\/revisions\/1680"}],"wp:attachment":[{"href":"https:\/\/medifruver.es\/de\/wp-json\/wp\/v2\/media?parent=3"}],"curies":[{"name":"wp","href":"https:\/\/api.w.org\/{rel}","templated":true}]}}