{"id":1675,"date":"2024-10-23T09:20:01","date_gmt":"2024-10-23T07:20:01","guid":{"rendered":"https:\/\/medifruver.es\/?page_id=1675"},"modified":"2025-10-21T10:50:14","modified_gmt":"2025-10-21T08:50:14","slug":"aviso-legal","status":"publish","type":"page","link":"https:\/\/medifruver.es\/fr\/aviso-legal\/","title":{"rendered":"Avis juridique"},"content":{"rendered":"<div class=\"entry-content clear\">\n<header class=\"entry-header\">\n<h3 class=\"entry-title\"><strong>Identification et propri\u00e9t\u00e9<\/strong><\/h3>\n<\/header>\n<div class=\"entry-content clear\">\n<p>Conform\u00e9ment \u00e0 l'article 10 de la loi 34 \/ 2002, du 11 juillet 2002, sur les services de la soci\u00e9t\u00e9 de l'information et le commerce \u00e9lectronique, le titulaire indique ses donn\u00e9es d'identification.<\/p>\n<p><strong>Propri\u00e9taire : ECO SUR FRUTAS Y VEGETALES SL<br \/>\n<\/strong><\/p>\n<p><strong>NIF\/CIF : B30895353<br \/>\n<\/strong><\/p>\n<p><strong>E-mail :<\/strong> <a class=\"ql-link\" href=\"mailto:administracion@medifruver.com\" target=\"_blank\" rel=\"noopener noreferrer\">administracion@medifruver.com<\/a><br \/>\n<strong>Site web : <\/strong><span class=\"s1\"><a class=\"ql-link\" href=\"http:\/\/medifruver.es\/fr\/\" target=\"_blank\" rel=\"noopener noreferrer\">medifruver.co.uk<\/a><a href=\"http:\/\/tensegrityfisioterapia.es\" target=\"_blank\" rel=\"noopener\">\u00a0<\/a><\/span><\/p>\n<p><strong>Conditions d'utilisation<\/strong><\/p>\n<p>L'utilisation du site Web vous conf\u00e8re le statut d'utilisateur et implique la pleine acceptation de toutes les clauses et conditions d'utilisation incluses dans les pages :<\/p>\n<ul>\n<li>Avis juridique<\/li>\n<li>Politique de confidentialit\u00e9<\/li>\n<li>Politique en mati\u00e8re de cookies<\/li>\n<\/ul>\n<p>Si vous n'\u00eates pas d'accord avec chacun de ces termes et conditions, veuillez vous abstenir d'utiliser ce site web.<\/p>\n<p>L'acc\u00e8s \u00e0 ce site web n'implique en aucun cas l'\u00e9tablissement d'une relation commerciale avec le propri\u00e9taire.<\/p>\n<p>Par l'interm\u00e9diaire de ce site web, le propri\u00e9taire vous permet d'acc\u00e9der et d'utiliser divers contenus que le propri\u00e9taire ou ses collaborateurs ont publi\u00e9s sur l'internet.<\/p>\n<p>\u00c0 cet effet, vous avez l'obligation et l'engagement de NE PAS utiliser les contenus du site web \u00e0 des fins ou \u00e0 des effets illicites, interdits par le pr\u00e9sent avis juridique ou par la l\u00e9gislation en vigueur, pr\u00e9judiciables aux droits et aux int\u00e9r\u00eats de tiers, ou susceptibles d'endommager, de d\u00e9sactiver, de surcharger, de d\u00e9t\u00e9riorer ou d'emp\u00eacher de quelque mani\u00e8re que ce soit l'utilisation normale des contenus, des \u00e9quipements informatiques ou des documents, des fichiers et de tout type de contenu stock\u00e9 sur tout \u00e9quipement informatique appartenant ou souscrit par le propri\u00e9taire, d'autres utilisateurs ou tout internaute.<\/p>\n<p><strong>Commentaires\u00a0<\/strong><\/p>\n<p>Le Propri\u00e9taire se r\u00e9serve le droit de supprimer tout commentaire qui violerait la l\u00e9gislation en vigueur, porterait atteinte aux droits ou aux int\u00e9r\u00eats de tiers, ou qui, \u00e0 son avis, ne serait pas appropri\u00e9 \u00e0 la publication.<\/p>\n<p>Le Propri\u00e9taire n'est pas responsable des opinions exprim\u00e9es par les utilisateurs \u00e0 travers le syst\u00e8me de commentaires, les r\u00e9seaux sociaux ou d'autres outils de participation, conform\u00e9ment aux dispositions de la r\u00e9glementation applicable.<\/p>\n<p><strong>Le passage \u00e0 l'\u00e2ge adulte<\/strong><\/p>\n<p>Vous devez \u00eatre \u00e2g\u00e9 d'au moins 18 ans pour utiliser les services offerts par le Titulaire ou avoir l'\u00e2ge de la majorit\u00e9 requis dans votre pays pour vous inscrire sur le site Web ou l'utiliser. Si vous r\u00e9sidez dans un pays situ\u00e9 en dehors de la R\u00e9gion europ\u00e9enne, vous devez \u00eatre \u00e2g\u00e9 d'au moins 13 ans pour utiliser le site web ou avoir l'\u00e2ge de la majorit\u00e9 requis dans votre pays pour vous inscrire sur le site web ou l'utiliser.<\/p>\n<p>Outre l'\u00e2ge minimum requis pour utiliser le site web en vertu de la l\u00e9gislation applicable, si vous n'avez pas l'\u00e2ge requis pour accepter nos conditions g\u00e9n\u00e9rales dans votre pays, votre parent ou tuteur doit accepter nos conditions g\u00e9n\u00e9rales en votre nom.<\/p>\n<p><strong>Mesures de s\u00e9curit\u00e9<\/strong><\/p>\n<p>Les donn\u00e9es personnelles fournies au Titulaire peuvent \u00eatre stock\u00e9es dans des bases de donn\u00e9es automatis\u00e9es ou non, dont la propri\u00e9t\u00e9 revient exclusivement au Titulaire, qui assume toutes les mesures techniques, organisationnelles et de s\u00e9curit\u00e9 garantissant la confidentialit\u00e9, l'int\u00e9grit\u00e9 et la qualit\u00e9 des informations contenues dans ces bases, conform\u00e9ment aux dispositions de la l\u00e9gislation en vigueur en mati\u00e8re de protection des donn\u00e9es.<\/p>\n<p>Toutefois, vous devez savoir que les mesures de s\u00e9curit\u00e9 des syst\u00e8mes informatiques sur Internet ne sont pas enti\u00e8rement fiables et que, par cons\u00e9quent, le Titulaire ne peut pas garantir l'absence de virus ou d'autres \u00e9l\u00e9ments susceptibles de provoquer des alt\u00e9rations dans les syst\u00e8mes informatiques (logiciels et mat\u00e9riels) de l'Utilisateur ou dans ses documents \u00e9lectroniques et les fichiers qu'ils contiennent, bien que le Titulaire fasse tout son possible et prenne les mesures de s\u00e9curit\u00e9 n\u00e9cessaires pour \u00e9viter la pr\u00e9sence de ces \u00e9l\u00e9ments nocifs.<\/p>\n<p><strong>Donn\u00e9es personnelles<\/strong><\/p>\n<p>Vous pouvez consulter toutes les informations relatives au traitement des donn\u00e9es personnelles collect\u00e9es par le contr\u00f4leur des donn\u00e9es sur la page Politique de confidentialit\u00e9.<\/p>\n<p><strong>Contenu<\/strong><\/p>\n<p>Le propri\u00e9taire a obtenu les informations, le contenu multim\u00e9dia et les mat\u00e9riaux contenus sur le site Web \u00e0 partir de sources qu'il estime fiables, mais bien qu'il ait pris toutes les mesures raisonnables pour s'assurer que les informations contenues sont correctes, le propri\u00e9taire ne garantit pas qu'elles sont exactes, compl\u00e8tes ou \u00e0 jour. Le propri\u00e9taire d\u00e9cline express\u00e9ment toute responsabilit\u00e9 en cas d'erreurs ou d'omissions dans les informations contenues dans les pages de ce site web.<\/p>\n<p>Il est interdit de transmettre ou d'envoyer par l'interm\u00e9diaire du site web tout contenu ill\u00e9gal ou illicite, des virus informatiques ou des messages qui, en g\u00e9n\u00e9ral, affectent ou violent les droits du titulaire ou de tiers.<\/p>\n<p>Le contenu du site Internet est fourni \u00e0 titre d'information uniquement et ne doit en aucun cas \u00eatre utilis\u00e9 ou consid\u00e9r\u00e9 comme une offre de vente, une sollicitation d'offre d'achat ou une recommandation d'effectuer toute autre transaction, sauf mention expresse.<\/p>\n<p>Le propri\u00e9taire se r\u00e9serve le droit de modifier, suspendre, annuler ou restreindre le contenu du site web, les liens ou les informations obtenues par le biais du site web, sans pr\u00e9avis.<\/p>\n<p>Le Propri\u00e9taire n'est pas responsable des dommages qui pourraient r\u00e9sulter de l'utilisation des informations sur le site web ou des informations contenues dans les r\u00e9seaux sociaux du Propri\u00e9taire.<\/p>\n<p><strong>Politique en mati\u00e8re de cookies<\/strong><\/p>\n<p>Sur la page Politique en mati\u00e8re de cookies, vous pouvez consulter toutes les informations relatives \u00e0 la politique de collecte et de traitement des cookies.<\/p>\n<p>Le propri\u00e9taire obtient et conserve uniquement les informations suivantes sur les visiteurs du site web :<\/p>\n<ul>\n<li>Le nom de domaine du fournisseur (ISP) et\/ou l'adresse IP qui lui donne acc\u00e8s au r\u00e9seau.<\/li>\n<li>La date et l'heure d'acc\u00e8s au site web.<\/li>\n<li>L'adresse Internet source du lien vers le site web.<\/li>\n<li>Le nombre de visiteurs quotidiens de chaque section.<\/li>\n<li>Les informations obtenues sont totalement anonymes et ne peuvent en aucun cas \u00eatre associ\u00e9es \u00e0 un utilisateur sp\u00e9cifique et identifi\u00e9.<\/li>\n<li>Liens utiles vers d'autres sites web<\/li>\n<\/ul>\n<p>Le propri\u00e9taire peut donner acc\u00e8s \u00e0 des sites web de tiers au moyen de liens afin d'informer de l'existence d'autres sources d'information sur Internet o\u00f9 vous pouvez trouver des informations compl\u00e9mentaires sur le site web.<\/p>\n<p>Ces liens vers d'autres sites web ne constituent en aucun cas une suggestion ou une recommandation de visiter les sites web de destination, qui \u00e9chappent au contr\u00f4le du titulaire, et le titulaire n'est pas responsable du contenu des sites web li\u00e9s ou du r\u00e9sultat que vous obtenez en suivant les liens.<\/p>\n<p>De m\u00eame, le Propri\u00e9taire n'est pas responsable des liens ou des renvois situ\u00e9s sur les sites web auxquels il donne acc\u00e8s.<\/p>\n<p>L'\u00e9tablissement du lien n'implique en aucun cas l'existence d'une relation entre le titulaire et le propri\u00e9taire du site o\u00f9 le lien est \u00e9tabli, ni l'acceptation ou l'approbation par le titulaire de son contenu ou de ses services.<\/p>\n<p>Si vous acc\u00e9dez \u00e0 un site web externe \u00e0 partir d'un lien trouv\u00e9 sur le site web, vous devez lire la politique de confidentialit\u00e9 de l'autre site web, qui peut diff\u00e9rer de celle du pr\u00e9sent site web.<\/p>\n<p><strong>Propri\u00e9t\u00e9 intellectuelle et industrielle<\/strong><\/p>\n<p>Tous droits r\u00e9serv\u00e9s.<\/p>\n<p>Tout acc\u00e8s \u00e0 ce site web est soumis aux conditions suivantes : la reproduction, le stockage permanent et la diffusion du contenu ou toute autre utilisation \u00e0 des fins publiques ou commerciales sont express\u00e9ment interdits sans l'accord \u00e9crit pr\u00e9alable du propri\u00e9taire.<\/p>\n<p><strong>Limitation de la responsabilit\u00e9<\/strong><\/p>\n<p>Les informations et les services inclus ou disponibles sur ce site web peuvent comporter des inexactitudes ou des erreurs typographiques. Le propri\u00e9taire incorpore p\u00e9riodiquement des am\u00e9liorations et\/ou des modifications aux informations contenues et\/ou aux services qui peuvent \u00eatre introduits \u00e0 tout moment.<\/p>\n<p>Le propri\u00e9taire ne d\u00e9clare ni ne garantit que les services ou le contenu seront ininterrompus ou exempts d'erreurs, que les d\u00e9fauts seront corrig\u00e9s ou que le service ou le serveur qui le met \u00e0 disposition sont exempts de virus ou d'autres \u00e9l\u00e9ments nuisibles, m\u00eame si le propri\u00e9taire met tout en \u0153uvre pour \u00e9viter de tels incidents.<\/p>\n<p>Le Titulaire d\u00e9cline toute responsabilit\u00e9 en cas d'interruption ou de dysfonctionnement des Services ou des contenus propos\u00e9s sur Internet, quelle qu'en soit la cause. De m\u00eame, le Propri\u00e9taire n'est pas responsable des pannes de r\u00e9seau, des pertes d'exploitation r\u00e9sultant de ces pannes, des suspensions temporaires de l'approvisionnement en \u00e9lectricit\u00e9 ou de tout autre type de dommage indirect pouvant \u00eatre caus\u00e9 par des causes ind\u00e9pendantes de la volont\u00e9 du Propri\u00e9taire.<\/p>\n<p>Avant de prendre des d\u00e9cisions et\/ou des mesures sur la base des informations contenues sur le site web, le propri\u00e9taire vous recommande de v\u00e9rifier et de confronter les informations re\u00e7ues avec d'autres sources.<\/p>\n<p><strong>Droit d'exclusion\u00a0<\/strong><\/p>\n<p>Titular se r\u00e9serve le droit de refuser ou de retirer l'acc\u00e8s au site web et aux services offerts sans pr\u00e9avis, \u00e0 sa propre demande ou \u00e0 la demande d'un tiers, aux utilisateurs qui enfreignent l'une des conditions du pr\u00e9sent avis juridique.<\/p>\n<p><strong>Comp\u00e9tence<\/strong><\/p>\n<p>Le pr\u00e9sent avis juridique est enti\u00e8rement r\u00e9gi par la l\u00e9gislation espagnole.<\/p>\n<p>Sauf disposition contraire, pour toute question relative \u00e0 l'interpr\u00e9tation, \u00e0 l'application et au respect du pr\u00e9sent avis juridique, ainsi que pour toute r\u00e9clamation d\u00e9coulant de son utilisation, les parties conviennent de s'en remettre aux cours et tribunaux de la province de Madrid, en renon\u00e7ant express\u00e9ment \u00e0 toute autre juridiction qui pourrait leur correspondre.<\/p>\n<p><strong>Contact<\/strong><\/p>\n<p>Si vous avez des questions sur les pr\u00e9sentes conditions g\u00e9n\u00e9rales ou si vous souhaitez faire des commentaires sur ce site web, vous pouvez envoyer un courrier \u00e9lectronique \u00e0 l'adresse suivante : <a class=\"ql-link\" href=\"http:\/\/medifruver.es\/fr\/\" target=\"_blank\" rel=\"noopener noreferrer\">medifruver.co.uk<\/a><\/p>\n<\/div>\n<\/div>","protected":false},"excerpt":{"rendered":"<p>Identificaci\u00f3n y Titularidad En cumplimiento del art\u00edculo 10 de la Ley 34 \/ 2002, de 11 de julio, de Servicios de la Sociedad de la Informaci\u00f3n y Comercio Electr\u00f3nico, el Titular expone sus datos identificativos. Titular: ECO SUR FRUTAS Y VEGETALES SL NIF\/CIF: B30895353 Correo electr\u00f3nico: administracion@medifruver.com Sitio Web: medifruver.es\u00a0 Condiciones de Uso La utilizaci\u00f3n [&hellip;]<\/p>","protected":false},"author":1,"featured_media":0,"parent":0,"menu_order":0,"comment_status":"closed","ping_status":"closed","template":"","meta":{"site-sidebar-layout":"default","site-content-layout":"","ast-site-content-layout":"default","site-content-style":"default","site-sidebar-style":"default","ast-global-header-display":"","ast-banner-title-visibility":"","ast-main-header-display":"","ast-hfb-above-header-display":"","ast-hfb-below-header-display":"","ast-hfb-mobile-header-display":"","site-post-title":"","ast-breadcrumbs-content":"","ast-featured-img":"","footer-sml-layout":"","theme-transparent-header-meta":"default","adv-header-id-meta":"","stick-header-meta":"","header-above-stick-meta":"","header-main-stick-meta":"","header-below-stick-meta":"","astra-migrate-meta-layouts":"set","ast-page-background-enabled":"default","ast-page-background-meta":{"desktop":{"background-color":"","background-image":"","background-repeat":"repeat","background-position":"center center","background-size":"auto","background-attachment":"scroll","background-type":"","background-media":"","overlay-type":"","overlay-color":"","overlay-opacity":"","overlay-gradient":""},"tablet":{"background-color":"","background-image":"","background-repeat":"repeat","background-position":"center center","background-size":"auto","background-attachment":"scroll","background-type":"","background-media":"","overlay-type":"","overlay-color":"","overlay-opacity":"","overlay-gradient":""},"mobile":{"background-color":"","background-image":"","background-repeat":"repeat","background-position":"center center","background-size":"auto","background-attachment":"scroll","background-type":"","background-media":"","overlay-type":"","overlay-color":"","overlay-opacity":"","overlay-gradient":""}},"ast-content-background-meta":{"desktop":{"background-color":"var(--ast-global-color-5)","background-image":"","background-repeat":"repeat","background-position":"center center","background-size":"auto","background-attachment":"scroll","background-type":"","background-media":"","overlay-type":"","overlay-color":"","overlay-opacity":"","overlay-gradient":""},"tablet":{"background-color":"var(--ast-global-color-5)","background-image":"","background-repeat":"repeat","background-position":"center center","background-size":"auto","background-attachment":"scroll","background-type":"","background-media":"","overlay-type":"","overlay-color":"","overlay-opacity":"","overlay-gradient":""},"mobile":{"background-color":"var(--ast-global-color-5)","background-image":"","background-repeat":"repeat","background-position":"center center","background-size":"auto","background-attachment":"scroll","background-type":"","background-media":"","overlay-type":"","overlay-color":"","overlay-opacity":"","overlay-gradient":""}},"footnotes":""},"class_list":["post-1675","page","type-page","status-publish","hentry"],"_links":{"self":[{"href":"https:\/\/medifruver.es\/fr\/wp-json\/wp\/v2\/pages\/1675","targetHints":{"allow":["GET"]}}],"collection":[{"href":"https:\/\/medifruver.es\/fr\/wp-json\/wp\/v2\/pages"}],"about":[{"href":"https:\/\/medifruver.es\/fr\/wp-json\/wp\/v2\/types\/page"}],"author":[{"embeddable":true,"href":"https:\/\/medifruver.es\/fr\/wp-json\/wp\/v2\/users\/1"}],"replies":[{"embeddable":true,"href":"https:\/\/medifruver.es\/fr\/wp-json\/wp\/v2\/comments?post=1675"}],"version-history":[{"count":2,"href":"https:\/\/medifruver.es\/fr\/wp-json\/wp\/v2\/pages\/1675\/revisions"}],"predecessor-version":[{"id":2641,"href":"https:\/\/medifruver.es\/fr\/wp-json\/wp\/v2\/pages\/1675\/revisions\/2641"}],"wp:attachment":[{"href":"https:\/\/medifruver.es\/fr\/wp-json\/wp\/v2\/media?parent=1675"}],"curies":[{"name":"wp","href":"https:\/\/api.w.org\/{rel}","templated":true}]}}