{"id":1873,"date":"2024-10-23T23:46:08","date_gmt":"2024-10-23T21:46:08","guid":{"rendered":"https:\/\/medifruver.es\/?page_id=1873"},"modified":"2025-05-21T13:13:32","modified_gmt":"2025-05-21T11:13:32","slug":"melon-2","status":"publish","type":"page","link":"https:\/\/medifruver.es\/fr\/melon-2\/","title":{"rendered":"Poivre"},"content":{"rendered":"<div data-elementor-type=\"wp-page\" data-elementor-id=\"1873\" class=\"elementor elementor-1873\" data-elementor-post-type=\"page\">\n\t\t\t\t<div class=\"elementor-element elementor-element-539d267 e-flex e-con-boxed e-con e-parent\" data-id=\"539d267\" data-element_type=\"container\" data-settings=\"{&quot;background_background&quot;:&quot;classic&quot;}\">\n\t\t\t\t\t<div class=\"e-con-inner\">\n\t\t\t\t<div class=\"elementor-element elementor-element-3ecf518 animated-slow elementor-invisible elementor-widget elementor-widget-heading\" data-id=\"3ecf518\" data-element_type=\"widget\" data-settings=\"{&quot;_animation&quot;:&quot;fadeInUp&quot;}\" data-widget_type=\"heading.default\">\n\t\t\t\t<div class=\"elementor-widget-container\">\n\t\t\t\t\t<h1 class=\"elementor-heading-title elementor-size-default\">POIVRONS<\/h1>\t\t\t\t<\/div>\n\t\t\t\t<\/div>\n\t\t\t\t\t<\/div>\n\t\t\t\t<\/div>\n\t\t<div class=\"elementor-element elementor-element-2200746 e-flex e-con-boxed e-con e-parent\" data-id=\"2200746\" data-element_type=\"container\" data-settings=\"{&quot;background_background&quot;:&quot;classic&quot;}\">\n\t\t\t\t\t<div class=\"e-con-inner\">\n\t\t<div class=\"elementor-element elementor-element-422818d e-con-full e-flex e-con e-child\" data-id=\"422818d\" data-element_type=\"container\">\n\t\t\t\t<div class=\"elementor-element elementor-element-a43ce6e animated-slow elementor-invisible elementor-widget elementor-widget-image\" data-id=\"a43ce6e\" data-element_type=\"widget\" data-settings=\"{&quot;_animation&quot;:&quot;fadeInLeft&quot;}\" data-widget_type=\"image.default\">\n\t\t\t\t<div class=\"elementor-widget-container\">\n\t\t\t\t\t\t\t\t\t\t\t\t\t\t\t<img fetchpriority=\"high\" decoding=\"async\" width=\"500\" height=\"500\" src=\"https:\/\/medifruver.es\/wp-content\/uploads\/2024\/10\/500-X-500.png\" class=\"attachment-full size-full wp-image-1911\" alt=\"\" srcset=\"https:\/\/medifruver.es\/wp-content\/uploads\/2024\/10\/500-X-500.png 500w, https:\/\/medifruver.es\/wp-content\/uploads\/2024\/10\/500-X-500-300x300.png 300w, https:\/\/medifruver.es\/wp-content\/uploads\/2024\/10\/500-X-500-150x150.png 150w, https:\/\/medifruver.es\/wp-content\/uploads\/2024\/10\/500-X-500-12x12.png 12w\" sizes=\"(max-width: 500px) 100vw, 500px\" \/>\t\t\t\t\t\t\t\t\t\t\t\t\t\t\t<\/div>\n\t\t\t\t<\/div>\n\t\t\t\t<\/div>\n\t\t<div class=\"elementor-element elementor-element-65b3d11 e-con-full animated-slow e-flex elementor-invisible e-con e-child\" data-id=\"65b3d11\" data-element_type=\"container\" data-settings=\"{&quot;animation&quot;:&quot;fadeInRight&quot;}\">\n\t\t<div class=\"elementor-element elementor-element-6e21df1 e-con-full e-flex e-con e-child\" data-id=\"6e21df1\" data-element_type=\"container\">\n\t\t\t\t<div class=\"elementor-element elementor-element-954aa37 elementor-widget elementor-widget-heading\" data-id=\"954aa37\" data-element_type=\"widget\" data-widget_type=\"heading.default\">\n\t\t\t\t<div class=\"elementor-widget-container\">\n\t\t\t\t\t<p class=\"elementor-heading-title elementor-size-default\">Chez Medifruver, nous sommes sp\u00e9cialis\u00e9s dans la vari\u00e9t\u00e9 de piment californien, originaire d'Am\u00e9rique, mais actuellement cultiv\u00e9e avec d\u00e9vouement dans nos champs de la r\u00e9gion de Murcie. Ce type de poivre se distingue par sa longue dur\u00e9e de conservation, ainsi que par sa saveur et sa bonne conservation.<\/p>\t\t\t\t<\/div>\n\t\t\t\t<\/div>\n\t\t\t\t<div class=\"elementor-element elementor-element-38fe898 elementor-widget elementor-widget-heading\" data-id=\"38fe898\" data-element_type=\"widget\" data-widget_type=\"heading.default\">\n\t\t\t\t<div class=\"elementor-widget-container\">\n\t\t\t\t\t<p class=\"elementor-heading-title elementor-size-default\">Le poivron est un l\u00e9gume qui est produit pratiquement toute l'ann\u00e9e et qui peut \u00eatre consomm\u00e9 cru, bouilli ou r\u00f4ti. Il est riche en vitamines C, A, E, B6, B3, B2, B1 et en acide folique. Il pr\u00e9sente une forte concentration de min\u00e9raux tels que le potassium, le calcium, le phosphore et le magn\u00e9sium. Il se distingue \u00e9galement par sa teneur \u00e9lev\u00e9e en b\u00eata-carot\u00e8ne qui, transform\u00e9 en vitamine A, contribue \u00e0 la pr\u00e9vention du cancer, des h\u00e9morragies c\u00e9r\u00e9brales, de la cataracte et des maladies cardiaques.\n\nLes poivrons ont un grand pouvoir antioxydant, sont peu caloriques (19 kcal\/100 g) et sont \u00e9galement tr\u00e8s riches en fibres, ces derni\u00e8res \u00e9tant tr\u00e8s utiles dans les r\u00e9gimes amaigrissants.<\/p>\t\t\t\t<\/div>\n\t\t\t\t<\/div>\n\t\t\t\t<\/div>\n\t\t\t\t<\/div>\n\t\t\t\t\t<\/div>\n\t\t\t\t<\/div>\n\t\t<div class=\"elementor-element elementor-element-3baa5024 e-flex e-con-boxed e-con e-parent\" data-id=\"3baa5024\" data-element_type=\"container\" data-settings=\"{&quot;background_background&quot;:&quot;classic&quot;}\">\n\t\t\t\t\t<div class=\"e-con-inner\">\n\t\t<div class=\"elementor-element elementor-element-7f65ff0b e-con-full e-flex e-con e-child\" data-id=\"7f65ff0b\" data-element_type=\"container\">\n\t\t<div class=\"elementor-element elementor-element-5e00ee38 e-con-full e-flex e-con e-child\" data-id=\"5e00ee38\" data-element_type=\"container\">\n\t\t<div class=\"elementor-element elementor-element-5ff186c4 e-con-full e-flex e-con e-child\" data-id=\"5ff186c4\" data-element_type=\"container\" data-settings=\"{&quot;background_background&quot;:&quot;classic&quot;}\">\n\t\t\t\t<div class=\"elementor-element elementor-element-6b303612 elementor-widget elementor-widget-image\" data-id=\"6b303612\" data-element_type=\"widget\" data-widget_type=\"image.default\">\n\t\t\t\t<div class=\"elementor-widget-container\">\n\t\t\t\t\t\t\t\t\t\t\t\t\t\t\t<img decoding=\"async\" width=\"500\" height=\"500\" src=\"https:\/\/medifruver.es\/wp-content\/uploads\/2024\/10\/P.png\" class=\"attachment-full size-full wp-image-1906\" alt=\"\" srcset=\"https:\/\/medifruver.es\/wp-content\/uploads\/2024\/10\/P.png 500w, https:\/\/medifruver.es\/wp-content\/uploads\/2024\/10\/P-300x300.png 300w, https:\/\/medifruver.es\/wp-content\/uploads\/2024\/10\/P-150x150.png 150w, https:\/\/medifruver.es\/wp-content\/uploads\/2024\/10\/P-12x12.png 12w\" sizes=\"(max-width: 500px) 100vw, 500px\" \/>\t\t\t\t\t\t\t\t\t\t\t\t\t\t\t<\/div>\n\t\t\t\t<\/div>\n\t\t\t\t<div class=\"elementor-element elementor-element-3e7e2a3 elementor-widget elementor-widget-heading\" data-id=\"3e7e2a3\" data-element_type=\"widget\" data-widget_type=\"heading.default\">\n\t\t\t\t<div class=\"elementor-widget-container\">\n\t\t\t\t\t<h4 class=\"elementor-heading-title elementor-size-default\">ROUGE<\/h4>\t\t\t\t<\/div>\n\t\t\t\t<\/div>\n\t\t\t\t<\/div>\n\t\t<div class=\"elementor-element elementor-element-2cc8baa3 e-con-full e-flex e-con e-child\" data-id=\"2cc8baa3\" data-element_type=\"container\" data-settings=\"{&quot;background_background&quot;:&quot;classic&quot;}\">\n\t\t\t\t<div class=\"elementor-element elementor-element-22ee26ae elementor-widget elementor-widget-heading\" data-id=\"22ee26ae\" data-element_type=\"widget\" data-widget_type=\"heading.default\">\n\t\t\t\t<div class=\"elementor-widget-container\">\n\t\t\t\t\t<h3 class=\"elementor-heading-title elementor-size-default\">Poivre<\/h3>\t\t\t\t<\/div>\n\t\t\t\t<\/div>\n\t\t\t\t<div class=\"elementor-element elementor-element-3f8ff027 elementor-widget__width-initial elementor-widget elementor-widget-image\" data-id=\"3f8ff027\" data-element_type=\"widget\" data-widget_type=\"image.default\">\n\t\t\t\t<div class=\"elementor-widget-container\">\n\t\t\t\t\t\t\t\t\t\t\t\t\t\t\t<img decoding=\"async\" width=\"300\" height=\"300\" src=\"https:\/\/medifruver.es\/wp-content\/uploads\/2024\/10\/FAVICON-3-1.png\" class=\"attachment-full size-full wp-image-1846\" alt=\"\" srcset=\"https:\/\/medifruver.es\/wp-content\/uploads\/2024\/10\/FAVICON-3-1.png 300w, https:\/\/medifruver.es\/wp-content\/uploads\/2024\/10\/FAVICON-3-1-150x150.png 150w, https:\/\/medifruver.es\/wp-content\/uploads\/2024\/10\/FAVICON-3-1-12x12.png 12w\" sizes=\"(max-width: 300px) 100vw, 300px\" \/>\t\t\t\t\t\t\t\t\t\t\t\t\t\t\t<\/div>\n\t\t\t\t<\/div>\n\t\t\t\t<\/div>\n\t\t\t\t<\/div>\n\t\t<div class=\"elementor-element elementor-element-1f641ac0 e-con-full e-flex e-con e-child\" data-id=\"1f641ac0\" data-element_type=\"container\">\n\t\t<div class=\"elementor-element elementor-element-7902c5d e-con-full e-flex e-con e-child\" data-id=\"7902c5d\" data-element_type=\"container\" data-settings=\"{&quot;background_background&quot;:&quot;classic&quot;}\">\n\t\t\t\t<div class=\"elementor-element elementor-element-54699c7a elementor-widget elementor-widget-image\" data-id=\"54699c7a\" data-element_type=\"widget\" data-widget_type=\"image.default\">\n\t\t\t\t<div class=\"elementor-widget-container\">\n\t\t\t\t\t\t\t\t\t\t\t\t\t\t\t<img loading=\"lazy\" decoding=\"async\" width=\"500\" height=\"500\" src=\"https:\/\/medifruver.es\/wp-content\/uploads\/2024\/10\/2-12.png\" class=\"attachment-full size-full wp-image-1908\" alt=\"\" srcset=\"https:\/\/medifruver.es\/wp-content\/uploads\/2024\/10\/2-12.png 500w, https:\/\/medifruver.es\/wp-content\/uploads\/2024\/10\/2-12-300x300.png 300w, https:\/\/medifruver.es\/wp-content\/uploads\/2024\/10\/2-12-150x150.png 150w, https:\/\/medifruver.es\/wp-content\/uploads\/2024\/10\/2-12-12x12.png 12w\" sizes=\"(max-width: 500px) 100vw, 500px\" \/>\t\t\t\t\t\t\t\t\t\t\t\t\t\t\t<\/div>\n\t\t\t\t<\/div>\n\t\t\t\t<div class=\"elementor-element elementor-element-9ac3fab elementor-widget elementor-widget-heading\" data-id=\"9ac3fab\" data-element_type=\"widget\" data-widget_type=\"heading.default\">\n\t\t\t\t<div class=\"elementor-widget-container\">\n\t\t\t\t\t<h4 class=\"elementor-heading-title elementor-size-default\">VERT<\/h4>\t\t\t\t<\/div>\n\t\t\t\t<\/div>\n\t\t\t\t<\/div>\n\t\t<div class=\"elementor-element elementor-element-71227068 e-con-full e-flex e-con e-child\" data-id=\"71227068\" data-element_type=\"container\" data-settings=\"{&quot;background_background&quot;:&quot;classic&quot;}\">\n\t\t\t\t<div class=\"elementor-element elementor-element-df48012 elementor-widget elementor-widget-heading\" data-id=\"df48012\" data-element_type=\"widget\" data-widget_type=\"heading.default\">\n\t\t\t\t<div class=\"elementor-widget-container\">\n\t\t\t\t\t<h3 class=\"elementor-heading-title elementor-size-default\">Poivre<\/h3>\t\t\t\t<\/div>\n\t\t\t\t<\/div>\n\t\t\t\t<div class=\"elementor-element elementor-element-858d945 elementor-widget__width-initial elementor-widget elementor-widget-image\" data-id=\"858d945\" data-element_type=\"widget\" data-widget_type=\"image.default\">\n\t\t\t\t<div class=\"elementor-widget-container\">\n\t\t\t\t\t\t\t\t\t\t\t\t\t\t\t<img decoding=\"async\" width=\"300\" height=\"300\" src=\"https:\/\/medifruver.es\/wp-content\/uploads\/2024\/10\/FAVICON-3-1.png\" class=\"attachment-full size-full wp-image-1846\" alt=\"\" srcset=\"https:\/\/medifruver.es\/wp-content\/uploads\/2024\/10\/FAVICON-3-1.png 300w, https:\/\/medifruver.es\/wp-content\/uploads\/2024\/10\/FAVICON-3-1-150x150.png 150w, https:\/\/medifruver.es\/wp-content\/uploads\/2024\/10\/FAVICON-3-1-12x12.png 12w\" sizes=\"(max-width: 300px) 100vw, 300px\" \/>\t\t\t\t\t\t\t\t\t\t\t\t\t\t\t<\/div>\n\t\t\t\t<\/div>\n\t\t\t\t<\/div>\n\t\t\t\t<\/div>\n\t\t<div class=\"elementor-element elementor-element-63c3b99f e-con-full e-flex e-con e-child\" data-id=\"63c3b99f\" data-element_type=\"container\">\n\t\t<div class=\"elementor-element elementor-element-36f3defe e-con-full e-flex e-con e-child\" data-id=\"36f3defe\" data-element_type=\"container\" data-settings=\"{&quot;background_background&quot;:&quot;classic&quot;}\">\n\t\t\t\t<div class=\"elementor-element elementor-element-7606cbe7 elementor-widget elementor-widget-image\" data-id=\"7606cbe7\" data-element_type=\"widget\" data-widget_type=\"image.default\">\n\t\t\t\t<div class=\"elementor-widget-container\">\n\t\t\t\t\t\t\t\t\t\t\t\t\t\t\t<img loading=\"lazy\" decoding=\"async\" width=\"500\" height=\"500\" src=\"https:\/\/medifruver.es\/wp-content\/uploads\/2024\/10\/3-12.png\" class=\"attachment-full size-full wp-image-1909\" alt=\"\" srcset=\"https:\/\/medifruver.es\/wp-content\/uploads\/2024\/10\/3-12.png 500w, https:\/\/medifruver.es\/wp-content\/uploads\/2024\/10\/3-12-300x300.png 300w, https:\/\/medifruver.es\/wp-content\/uploads\/2024\/10\/3-12-150x150.png 150w, https:\/\/medifruver.es\/wp-content\/uploads\/2024\/10\/3-12-12x12.png 12w\" sizes=\"(max-width: 500px) 100vw, 500px\" \/>\t\t\t\t\t\t\t\t\t\t\t\t\t\t\t<\/div>\n\t\t\t\t<\/div>\n\t\t\t\t<div class=\"elementor-element elementor-element-cd8f2e3 elementor-widget elementor-widget-heading\" data-id=\"cd8f2e3\" data-element_type=\"widget\" data-widget_type=\"heading.default\">\n\t\t\t\t<div class=\"elementor-widget-container\">\n\t\t\t\t\t<h4 class=\"elementor-heading-title elementor-size-default\">JAUNE<\/h4>\t\t\t\t<\/div>\n\t\t\t\t<\/div>\n\t\t\t\t<\/div>\n\t\t<div class=\"elementor-element elementor-element-4a1d36d5 e-con-full e-flex e-con e-child\" data-id=\"4a1d36d5\" data-element_type=\"container\" data-settings=\"{&quot;background_background&quot;:&quot;classic&quot;}\">\n\t\t\t\t<div class=\"elementor-element elementor-element-3cc1e55 elementor-widget elementor-widget-heading\" data-id=\"3cc1e55\" data-element_type=\"widget\" data-widget_type=\"heading.default\">\n\t\t\t\t<div class=\"elementor-widget-container\">\n\t\t\t\t\t<h3 class=\"elementor-heading-title elementor-size-default\">Poivre<\/h3>\t\t\t\t<\/div>\n\t\t\t\t<\/div>\n\t\t\t\t<div class=\"elementor-element elementor-element-14ac339 elementor-widget__width-initial elementor-widget elementor-widget-image\" data-id=\"14ac339\" data-element_type=\"widget\" data-widget_type=\"image.default\">\n\t\t\t\t<div class=\"elementor-widget-container\">\n\t\t\t\t\t\t\t\t\t\t\t\t\t\t\t<img decoding=\"async\" width=\"300\" height=\"300\" src=\"https:\/\/medifruver.es\/wp-content\/uploads\/2024\/10\/FAVICON-3-1.png\" class=\"attachment-full size-full wp-image-1846\" alt=\"\" srcset=\"https:\/\/medifruver.es\/wp-content\/uploads\/2024\/10\/FAVICON-3-1.png 300w, https:\/\/medifruver.es\/wp-content\/uploads\/2024\/10\/FAVICON-3-1-150x150.png 150w, https:\/\/medifruver.es\/wp-content\/uploads\/2024\/10\/FAVICON-3-1-12x12.png 12w\" sizes=\"(max-width: 300px) 100vw, 300px\" \/>\t\t\t\t\t\t\t\t\t\t\t\t\t\t\t<\/div>\n\t\t\t\t<\/div>\n\t\t\t\t<\/div>\n\t\t\t\t<\/div>\n\t\t<div class=\"elementor-element elementor-element-72118dd8 e-con-full e-flex e-con e-child\" data-id=\"72118dd8\" data-element_type=\"container\">\n\t\t<div class=\"elementor-element elementor-element-7c12ecb4 e-con-full e-flex e-con e-child\" data-id=\"7c12ecb4\" data-element_type=\"container\" data-settings=\"{&quot;background_background&quot;:&quot;classic&quot;}\">\n\t\t\t\t<div class=\"elementor-element elementor-element-75590bba elementor-widget elementor-widget-image\" data-id=\"75590bba\" data-element_type=\"widget\" data-widget_type=\"image.default\">\n\t\t\t\t<div class=\"elementor-widget-container\">\n\t\t\t\t\t\t\t\t\t\t\t\t\t\t\t<img loading=\"lazy\" decoding=\"async\" width=\"500\" height=\"500\" src=\"https:\/\/medifruver.es\/wp-content\/uploads\/2024\/10\/4-11.png\" class=\"attachment-full size-full wp-image-1910\" alt=\"\" srcset=\"https:\/\/medifruver.es\/wp-content\/uploads\/2024\/10\/4-11.png 500w, https:\/\/medifruver.es\/wp-content\/uploads\/2024\/10\/4-11-300x300.png 300w, https:\/\/medifruver.es\/wp-content\/uploads\/2024\/10\/4-11-150x150.png 150w, https:\/\/medifruver.es\/wp-content\/uploads\/2024\/10\/4-11-12x12.png 12w\" sizes=\"(max-width: 500px) 100vw, 500px\" \/>\t\t\t\t\t\t\t\t\t\t\t\t\t\t\t<\/div>\n\t\t\t\t<\/div>\n\t\t\t\t<div class=\"elementor-element elementor-element-f8d0187 elementor-widget elementor-widget-heading\" data-id=\"f8d0187\" data-element_type=\"widget\" data-widget_type=\"heading.default\">\n\t\t\t\t<div class=\"elementor-widget-container\">\n\t\t\t\t\t<h4 class=\"elementor-heading-title elementor-size-default\">BICOLORE \/ TRICOLORE<\/h4>\t\t\t\t<\/div>\n\t\t\t\t<\/div>\n\t\t\t\t<\/div>\n\t\t<div class=\"elementor-element elementor-element-46d0c46a e-con-full e-flex e-con e-child\" data-id=\"46d0c46a\" data-element_type=\"container\" data-settings=\"{&quot;background_background&quot;:&quot;classic&quot;}\">\n\t\t\t\t<div class=\"elementor-element elementor-element-df92454 elementor-widget elementor-widget-heading\" data-id=\"df92454\" data-element_type=\"widget\" data-widget_type=\"heading.default\">\n\t\t\t\t<div class=\"elementor-widget-container\">\n\t\t\t\t\t<h3 class=\"elementor-heading-title elementor-size-default\">Poivre<\/h3>\t\t\t\t<\/div>\n\t\t\t\t<\/div>\n\t\t\t\t<div class=\"elementor-element elementor-element-a75f026 elementor-widget__width-initial elementor-widget elementor-widget-image\" data-id=\"a75f026\" data-element_type=\"widget\" data-widget_type=\"image.default\">\n\t\t\t\t<div class=\"elementor-widget-container\">\n\t\t\t\t\t\t\t\t\t\t\t\t\t\t\t<img decoding=\"async\" width=\"300\" height=\"300\" src=\"https:\/\/medifruver.es\/wp-content\/uploads\/2024\/10\/FAVICON-3-1.png\" class=\"attachment-full size-full wp-image-1846\" alt=\"\" srcset=\"https:\/\/medifruver.es\/wp-content\/uploads\/2024\/10\/FAVICON-3-1.png 300w, https:\/\/medifruver.es\/wp-content\/uploads\/2024\/10\/FAVICON-3-1-150x150.png 150w, https:\/\/medifruver.es\/wp-content\/uploads\/2024\/10\/FAVICON-3-1-12x12.png 12w\" sizes=\"(max-width: 300px) 100vw, 300px\" \/>\t\t\t\t\t\t\t\t\t\t\t\t\t\t\t<\/div>\n\t\t\t\t<\/div>\n\t\t\t\t<\/div>\n\t\t\t\t<\/div>\n\t\t\t\t<\/div>\n\t\t\t\t\t<\/div>\n\t\t\t\t<\/div>\n\t\t<div class=\"elementor-element elementor-element-301d258 e-flex e-con-boxed e-con e-parent\" data-id=\"301d258\" data-element_type=\"container\" data-settings=\"{&quot;background_background&quot;:&quot;classic&quot;}\">\n\t\t\t\t\t<div class=\"e-con-inner\">\n\t\t<div class=\"elementor-element elementor-element-bc36e1c e-con-full e-flex e-con e-child\" data-id=\"bc36e1c\" data-element_type=\"container\">\n\t\t\t\t<div class=\"elementor-element elementor-element-85c09ec elementor-widget elementor-widget-image\" data-id=\"85c09ec\" data-element_type=\"widget\" data-widget_type=\"image.default\">\n\t\t\t\t<div class=\"elementor-widget-container\">\n\t\t\t\t\t\t\t\t\t\t\t\t\t\t\t<img loading=\"lazy\" decoding=\"async\" width=\"1920\" height=\"771\" src=\"https:\/\/medifruver.es\/wp-content\/uploads\/2024\/10\/Piminetos-e1729722978970.png\" class=\"attachment-full size-full wp-image-1920\" alt=\"\" srcset=\"https:\/\/medifruver.es\/wp-content\/uploads\/2024\/10\/Piminetos-e1729722978970.png 1920w, https:\/\/medifruver.es\/wp-content\/uploads\/2024\/10\/Piminetos-e1729722978970-300x120.png 300w, https:\/\/medifruver.es\/wp-content\/uploads\/2024\/10\/Piminetos-e1729722978970-1024x411.png 1024w, https:\/\/medifruver.es\/wp-content\/uploads\/2024\/10\/Piminetos-e1729722978970-768x308.png 768w, https:\/\/medifruver.es\/wp-content\/uploads\/2024\/10\/Piminetos-e1729722978970-1536x617.png 1536w, https:\/\/medifruver.es\/wp-content\/uploads\/2024\/10\/Piminetos-e1729722978970-18x7.png 18w\" sizes=\"(max-width: 1920px) 100vw, 1920px\" \/>\t\t\t\t\t\t\t\t\t\t\t\t\t\t\t<\/div>\n\t\t\t\t<\/div>\n\t\t\t\t<\/div>\n\t\t<div class=\"elementor-element elementor-element-968ef67 e-con-full e-flex e-con e-child\" data-id=\"968ef67\" data-element_type=\"container\">\n\t\t\t\t<div class=\"elementor-element elementor-element-37a977d elementor-widget elementor-widget-image\" data-id=\"37a977d\" data-element_type=\"widget\" data-widget_type=\"image.default\">\n\t\t\t\t<div class=\"elementor-widget-container\">\n\t\t\t\t\t\t\t\t\t\t\t\t\t\t\t<img loading=\"lazy\" decoding=\"async\" width=\"1080\" height=\"450\" src=\"https:\/\/medifruver.es\/wp-content\/uploads\/2025\/05\/Calendarios-frutas-2.png\" class=\"attachment-full size-full wp-image-2581\" alt=\"calendario de pimientos\" srcset=\"https:\/\/medifruver.es\/wp-content\/uploads\/2025\/05\/Calendarios-frutas-2.png 1080w, https:\/\/medifruver.es\/wp-content\/uploads\/2025\/05\/Calendarios-frutas-2-300x125.png 300w, https:\/\/medifruver.es\/wp-content\/uploads\/2025\/05\/Calendarios-frutas-2-1024x427.png 1024w, https:\/\/medifruver.es\/wp-content\/uploads\/2025\/05\/Calendarios-frutas-2-768x320.png 768w, https:\/\/medifruver.es\/wp-content\/uploads\/2025\/05\/Calendarios-frutas-2-18x8.png 18w\" sizes=\"(max-width: 1080px) 100vw, 1080px\" \/>\t\t\t\t\t\t\t\t\t\t\t\t\t\t\t<\/div>\n\t\t\t\t<\/div>\n\t\t\t\t<\/div>\n\t\t\t\t\t<\/div>\n\t\t\t\t<\/div>\n\t\t\t\t<\/div>","protected":false},"excerpt":{"rendered":"<p>PIMIENTOS En Medifruver estamos especializados en la variedad de pimiento California, que es originaria de Am\u00e9rica, pero actualmente es cultivado con dedicaci\u00f3n en nuestros campos de la regi\u00f3n de Murcia. Este tipo de pimiento destaca por su larga vida \u00fatil, as\u00ed como por su sabor y su buena conservaci\u00f3n. El pimiento es una verdura que [&hellip;]<\/p>","protected":false},"author":1,"featured_media":0,"parent":0,"menu_order":0,"comment_status":"closed","ping_status":"closed","template":"","meta":{"site-sidebar-layout":"no-sidebar","site-content-layout":"page-builder","ast-site-content-layout":"full-width-container","site-content-style":"unboxed","site-sidebar-style":"unboxed","ast-global-header-display":"","ast-banner-title-visibility":"","ast-main-header-display":"","ast-hfb-above-header-display":"","ast-hfb-below-header-display":"","ast-hfb-mobile-header-display":"","site-post-title":"disabled","ast-breadcrumbs-content":"","ast-featured-img":"disabled","footer-sml-layout":"","theme-transparent-header-meta":"default","adv-header-id-meta":"","stick-header-meta":"","header-above-stick-meta":"","header-main-stick-meta":"","header-below-stick-meta":"","astra-migrate-meta-layouts":"set","ast-page-background-enabled":"default","ast-page-background-meta":{"desktop":{"background-color":"","background-image":"","background-repeat":"repeat","background-position":"center center","background-size":"auto","background-attachment":"scroll","background-type":"","background-media":"","overlay-type":"","overlay-color":"","overlay-opacity":"","overlay-gradient":""},"tablet":{"background-color":"","background-image":"","background-repeat":"repeat","background-position":"center center","background-size":"auto","background-attachment":"scroll","background-type":"","background-media":"","overlay-type":"","overlay-color":"","overlay-opacity":"","overlay-gradient":""},"mobile":{"background-color":"","background-image":"","background-repeat":"repeat","background-position":"center center","background-size":"auto","background-attachment":"scroll","background-type":"","background-media":"","overlay-type":"","overlay-color":"","overlay-opacity":"","overlay-gradient":""}},"ast-content-background-meta":{"desktop":{"background-color":"var(--ast-global-color-5)","background-image":"","background-repeat":"repeat","background-position":"center center","background-size":"auto","background-attachment":"scroll","background-type":"","background-media":"","overlay-type":"","overlay-color":"","overlay-opacity":"","overlay-gradient":""},"tablet":{"background-color":"var(--ast-global-color-5)","background-image":"","background-repeat":"repeat","background-position":"center center","background-size":"auto","background-attachment":"scroll","background-type":"","background-media":"","overlay-type":"","overlay-color":"","overlay-opacity":"","overlay-gradient":""},"mobile":{"background-color":"var(--ast-global-color-5)","background-image":"","background-repeat":"repeat","background-position":"center center","background-size":"auto","background-attachment":"scroll","background-type":"","background-media":"","overlay-type":"","overlay-color":"","overlay-opacity":"","overlay-gradient":""}},"footnotes":""},"class_list":["post-1873","page","type-page","status-publish","hentry"],"_links":{"self":[{"href":"https:\/\/medifruver.es\/fr\/wp-json\/wp\/v2\/pages\/1873","targetHints":{"allow":["GET"]}}],"collection":[{"href":"https:\/\/medifruver.es\/fr\/wp-json\/wp\/v2\/pages"}],"about":[{"href":"https:\/\/medifruver.es\/fr\/wp-json\/wp\/v2\/types\/page"}],"author":[{"embeddable":true,"href":"https:\/\/medifruver.es\/fr\/wp-json\/wp\/v2\/users\/1"}],"replies":[{"embeddable":true,"href":"https:\/\/medifruver.es\/fr\/wp-json\/wp\/v2\/comments?post=1873"}],"version-history":[{"count":43,"href":"https:\/\/medifruver.es\/fr\/wp-json\/wp\/v2\/pages\/1873\/revisions"}],"predecessor-version":[{"id":2584,"href":"https:\/\/medifruver.es\/fr\/wp-json\/wp\/v2\/pages\/1873\/revisions\/2584"}],"wp:attachment":[{"href":"https:\/\/medifruver.es\/fr\/wp-json\/wp\/v2\/media?parent=1873"}],"curies":[{"name":"wp","href":"https:\/\/api.w.org\/{rel}","templated":true}]}}