{"id":1931,"date":"2024-10-24T00:50:02","date_gmt":"2024-10-23T22:50:02","guid":{"rendered":"https:\/\/medifruver.es\/?page_id=1931"},"modified":"2025-05-21T13:12:24","modified_gmt":"2025-05-21T11:12:24","slug":"melon-2-2","status":"publish","type":"page","link":"https:\/\/medifruver.es\/fr\/melon-2-2\/","title":{"rendered":"Melon"},"content":{"rendered":"<div data-elementor-type=\"wp-page\" data-elementor-id=\"1931\" class=\"elementor elementor-1931\" data-elementor-post-type=\"page\">\n\t\t\t\t<div class=\"elementor-element elementor-element-9560dd6 e-flex e-con-boxed e-con e-parent\" data-id=\"9560dd6\" data-element_type=\"container\" data-settings=\"{&quot;background_background&quot;:&quot;classic&quot;}\">\n\t\t\t\t\t<div class=\"e-con-inner\">\n\t\t\t\t<div class=\"elementor-element elementor-element-0a5d5d6 animated-slow elementor-invisible elementor-widget elementor-widget-heading\" data-id=\"0a5d5d6\" data-element_type=\"widget\" data-settings=\"{&quot;_animation&quot;:&quot;fadeInUp&quot;}\" data-widget_type=\"heading.default\">\n\t\t\t\t<div class=\"elementor-widget-container\">\n\t\t\t\t\t<h1 class=\"elementor-heading-title elementor-size-default\">MELON<\/h1>\t\t\t\t<\/div>\n\t\t\t\t<\/div>\n\t\t\t\t\t<\/div>\n\t\t\t\t<\/div>\n\t\t<div class=\"elementor-element elementor-element-19d96a4 e-flex e-con-boxed e-con e-parent\" data-id=\"19d96a4\" data-element_type=\"container\" data-settings=\"{&quot;background_background&quot;:&quot;classic&quot;}\">\n\t\t\t\t\t<div class=\"e-con-inner\">\n\t\t<div class=\"elementor-element elementor-element-63f1169 e-con-full e-flex e-con e-child\" data-id=\"63f1169\" data-element_type=\"container\">\n\t\t\t\t<div class=\"elementor-element elementor-element-149396d animated-slow elementor-invisible elementor-widget elementor-widget-image\" data-id=\"149396d\" data-element_type=\"widget\" data-settings=\"{&quot;_animation&quot;:&quot;fadeInLeft&quot;}\" data-widget_type=\"image.default\">\n\t\t\t\t<div class=\"elementor-widget-container\">\n\t\t\t\t\t\t\t\t\t\t\t\t\t\t\t<img fetchpriority=\"high\" decoding=\"async\" width=\"500\" height=\"500\" src=\"https:\/\/medifruver.es\/wp-content\/uploads\/2024\/10\/500-X-500-1.png\" class=\"attachment-full size-full wp-image-1935\" alt=\"\" srcset=\"https:\/\/medifruver.es\/wp-content\/uploads\/2024\/10\/500-X-500-1.png 500w, https:\/\/medifruver.es\/wp-content\/uploads\/2024\/10\/500-X-500-1-300x300.png 300w, https:\/\/medifruver.es\/wp-content\/uploads\/2024\/10\/500-X-500-1-150x150.png 150w, https:\/\/medifruver.es\/wp-content\/uploads\/2024\/10\/500-X-500-1-12x12.png 12w\" sizes=\"(max-width: 500px) 100vw, 500px\" \/>\t\t\t\t\t\t\t\t\t\t\t\t\t\t\t<\/div>\n\t\t\t\t<\/div>\n\t\t\t\t<\/div>\n\t\t<div class=\"elementor-element elementor-element-7d5a961 e-con-full animated-slow e-flex elementor-invisible e-con e-child\" data-id=\"7d5a961\" data-element_type=\"container\" data-settings=\"{&quot;animation&quot;:&quot;fadeInRight&quot;}\">\n\t\t<div class=\"elementor-element elementor-element-3d7690a e-con-full e-flex e-con e-child\" data-id=\"3d7690a\" data-element_type=\"container\">\n\t\t\t\t<div class=\"elementor-element elementor-element-29f054d elementor-widget elementor-widget-heading\" data-id=\"29f054d\" data-element_type=\"widget\" data-widget_type=\"heading.default\">\n\t\t\t\t<div class=\"elementor-widget-container\">\n\t\t\t\t\t<p class=\"elementor-heading-title elementor-size-default\">Le melon \u00e9tait d\u00e9j\u00e0 cultiv\u00e9 dans l'\u00c9gypte ancienne au cours du troisi\u00e8me mill\u00e9naire avant J.-C., sa culture est r\u00e9pandue sur la plupart des continents, l'Espagne \u00e9tant l'un des principaux exportateurs de melon dans le monde.<\/p>\t\t\t\t<\/div>\n\t\t\t\t<\/div>\n\t\t\t\t<div class=\"elementor-element elementor-element-4de19eb elementor-widget elementor-widget-heading\" data-id=\"4de19eb\" data-element_type=\"widget\" data-widget_type=\"heading.default\">\n\t\t\t\t<div class=\"elementor-widget-container\">\n\t\t\t\t\t<p class=\"elementor-heading-title elementor-size-default\">\nLe melon est un fruit de saison estivale \u00e0 forte teneur en eau et au go\u00fbt sucr\u00e9. Une portion de 100 g fournit plus de la moiti\u00e9 de la dose journali\u00e8re recommand\u00e9e de vitamine C. Il est excellent pour nettoyer et r\u00e9hydrater. Sa teneur en b\u00eata-carot\u00e8ne, qui se transforme en vitamine A, en fait un alli\u00e9 efficace contre le cancer et les maladies cardiaques. Le calcium, le magn\u00e9sium, le potassium et le phosphore sont d'autres vertus pour l'organisme.<\/p>\t\t\t\t<\/div>\n\t\t\t\t<\/div>\n\t\t\t\t<\/div>\n\t\t\t\t<\/div>\n\t\t\t\t\t<\/div>\n\t\t\t\t<\/div>\n\t\t<div class=\"elementor-element elementor-element-1ab3731b e-flex e-con-boxed e-con e-parent\" data-id=\"1ab3731b\" data-element_type=\"container\" data-settings=\"{&quot;background_background&quot;:&quot;classic&quot;}\">\n\t\t\t\t\t<div class=\"e-con-inner\">\n\t\t<div class=\"elementor-element elementor-element-43bade10 e-con-full e-flex e-con e-child\" data-id=\"43bade10\" data-element_type=\"container\">\n\t\t<div class=\"elementor-element elementor-element-5b291613 e-con-full e-flex e-con e-child\" data-id=\"5b291613\" data-element_type=\"container\">\n\t\t<div class=\"elementor-element elementor-element-6e3ad753 e-con-full e-flex e-con e-child\" data-id=\"6e3ad753\" data-element_type=\"container\" data-settings=\"{&quot;background_background&quot;:&quot;classic&quot;}\">\n\t\t\t\t<div class=\"elementor-element elementor-element-13b8bdd1 elementor-widget elementor-widget-image\" data-id=\"13b8bdd1\" data-element_type=\"widget\" data-widget_type=\"image.default\">\n\t\t\t\t<div class=\"elementor-widget-container\">\n\t\t\t\t\t\t\t\t\t\t\t\t\t\t\t<img decoding=\"async\" width=\"500\" height=\"500\" src=\"https:\/\/medifruver.es\/wp-content\/uploads\/2024\/10\/1-9.png\" class=\"attachment-full size-full wp-image-1940\" alt=\"\" srcset=\"https:\/\/medifruver.es\/wp-content\/uploads\/2024\/10\/1-9.png 500w, https:\/\/medifruver.es\/wp-content\/uploads\/2024\/10\/1-9-300x300.png 300w, https:\/\/medifruver.es\/wp-content\/uploads\/2024\/10\/1-9-150x150.png 150w, https:\/\/medifruver.es\/wp-content\/uploads\/2024\/10\/1-9-12x12.png 12w\" sizes=\"(max-width: 500px) 100vw, 500px\" \/>\t\t\t\t\t\t\t\t\t\t\t\t\t\t\t<\/div>\n\t\t\t\t<\/div>\n\t\t\t\t<div class=\"elementor-element elementor-element-2cb03234 elementor-widget elementor-widget-heading\" data-id=\"2cb03234\" data-element_type=\"widget\" data-widget_type=\"heading.default\">\n\t\t\t\t<div class=\"elementor-widget-container\">\n\t\t\t\t\t<h4 class=\"elementor-heading-title elementor-size-default\">JAUNE<\/h4>\t\t\t\t<\/div>\n\t\t\t\t<\/div>\n\t\t\t\t<\/div>\n\t\t<div class=\"elementor-element elementor-element-165e43b7 e-con-full e-flex e-con e-child\" data-id=\"165e43b7\" data-element_type=\"container\" data-settings=\"{&quot;background_background&quot;:&quot;classic&quot;}\">\n\t\t\t\t<div class=\"elementor-element elementor-element-12c4322 elementor-widget__width-initial elementor-widget elementor-widget-image\" data-id=\"12c4322\" data-element_type=\"widget\" data-widget_type=\"image.default\">\n\t\t\t\t<div class=\"elementor-widget-container\">\n\t\t\t\t\t\t\t\t\t\t\t\t\t\t\t<img decoding=\"async\" width=\"300\" height=\"300\" src=\"https:\/\/medifruver.es\/wp-content\/uploads\/2024\/10\/6-4.png\" class=\"attachment-full size-full wp-image-1847\" alt=\"\" srcset=\"https:\/\/medifruver.es\/wp-content\/uploads\/2024\/10\/6-4.png 300w, https:\/\/medifruver.es\/wp-content\/uploads\/2024\/10\/6-4-150x150.png 150w, https:\/\/medifruver.es\/wp-content\/uploads\/2024\/10\/6-4-12x12.png 12w\" sizes=\"(max-width: 300px) 100vw, 300px\" \/>\t\t\t\t\t\t\t\t\t\t\t\t\t\t\t<\/div>\n\t\t\t\t<\/div>\n\t\t\t\t<div class=\"elementor-element elementor-element-6b14dac elementor-widget elementor-widget-heading\" data-id=\"6b14dac\" data-element_type=\"widget\" data-widget_type=\"heading.default\">\n\t\t\t\t<div class=\"elementor-widget-container\">\n\t\t\t\t\t<h3 class=\"elementor-heading-title elementor-size-default\">Melon<\/h3>\t\t\t\t<\/div>\n\t\t\t\t<\/div>\n\t\t\t\t<\/div>\n\t\t\t\t<\/div>\n\t\t<div class=\"elementor-element elementor-element-53af3603 e-con-full e-flex e-con e-child\" data-id=\"53af3603\" data-element_type=\"container\">\n\t\t<div class=\"elementor-element elementor-element-5c383406 e-con-full e-flex e-con e-child\" data-id=\"5c383406\" data-element_type=\"container\" data-settings=\"{&quot;background_background&quot;:&quot;classic&quot;}\">\n\t\t\t\t<div class=\"elementor-element elementor-element-124bcc27 elementor-widget elementor-widget-image\" data-id=\"124bcc27\" data-element_type=\"widget\" data-widget_type=\"image.default\">\n\t\t\t\t<div class=\"elementor-widget-container\">\n\t\t\t\t\t\t\t\t\t\t\t\t\t\t\t<img loading=\"lazy\" decoding=\"async\" width=\"500\" height=\"500\" src=\"https:\/\/medifruver.es\/wp-content\/uploads\/2024\/10\/2-13.png\" class=\"attachment-full size-full wp-image-1941\" alt=\"\" srcset=\"https:\/\/medifruver.es\/wp-content\/uploads\/2024\/10\/2-13.png 500w, https:\/\/medifruver.es\/wp-content\/uploads\/2024\/10\/2-13-300x300.png 300w, https:\/\/medifruver.es\/wp-content\/uploads\/2024\/10\/2-13-150x150.png 150w, https:\/\/medifruver.es\/wp-content\/uploads\/2024\/10\/2-13-12x12.png 12w\" sizes=\"(max-width: 500px) 100vw, 500px\" \/>\t\t\t\t\t\t\t\t\t\t\t\t\t\t\t<\/div>\n\t\t\t\t<\/div>\n\t\t\t\t<div class=\"elementor-element elementor-element-37ab18ec elementor-widget elementor-widget-heading\" data-id=\"37ab18ec\" data-element_type=\"widget\" data-widget_type=\"heading.default\">\n\t\t\t\t<div class=\"elementor-widget-container\">\n\t\t\t\t\t<h4 class=\"elementor-heading-title elementor-size-default\">GALIA<\/h4>\t\t\t\t<\/div>\n\t\t\t\t<\/div>\n\t\t\t\t<\/div>\n\t\t<div class=\"elementor-element elementor-element-55ad974f e-con-full e-flex e-con e-child\" data-id=\"55ad974f\" data-element_type=\"container\" data-settings=\"{&quot;background_background&quot;:&quot;classic&quot;}\">\n\t\t\t\t<div class=\"elementor-element elementor-element-4ad500c9 elementor-widget__width-initial elementor-widget elementor-widget-image\" data-id=\"4ad500c9\" data-element_type=\"widget\" data-widget_type=\"image.default\">\n\t\t\t\t<div class=\"elementor-widget-container\">\n\t\t\t\t\t\t\t\t\t\t\t\t\t\t\t<img decoding=\"async\" width=\"300\" height=\"300\" src=\"https:\/\/medifruver.es\/wp-content\/uploads\/2024\/10\/6-4.png\" class=\"attachment-full size-full wp-image-1847\" alt=\"\" srcset=\"https:\/\/medifruver.es\/wp-content\/uploads\/2024\/10\/6-4.png 300w, https:\/\/medifruver.es\/wp-content\/uploads\/2024\/10\/6-4-150x150.png 150w, https:\/\/medifruver.es\/wp-content\/uploads\/2024\/10\/6-4-12x12.png 12w\" sizes=\"(max-width: 300px) 100vw, 300px\" \/>\t\t\t\t\t\t\t\t\t\t\t\t\t\t\t<\/div>\n\t\t\t\t<\/div>\n\t\t\t\t<div class=\"elementor-element elementor-element-21a6321d elementor-widget elementor-widget-heading\" data-id=\"21a6321d\" data-element_type=\"widget\" data-widget_type=\"heading.default\">\n\t\t\t\t<div class=\"elementor-widget-container\">\n\t\t\t\t\t<h3 class=\"elementor-heading-title elementor-size-default\">Melon<\/h3>\t\t\t\t<\/div>\n\t\t\t\t<\/div>\n\t\t\t\t<\/div>\n\t\t\t\t<\/div>\n\t\t<div class=\"elementor-element elementor-element-4144d097 e-con-full e-flex e-con e-child\" data-id=\"4144d097\" data-element_type=\"container\">\n\t\t<div class=\"elementor-element elementor-element-f69cc33 e-con-full e-flex e-con e-child\" data-id=\"f69cc33\" data-element_type=\"container\" data-settings=\"{&quot;background_background&quot;:&quot;classic&quot;}\">\n\t\t\t\t<div class=\"elementor-element elementor-element-7fe8134 elementor-widget elementor-widget-image\" data-id=\"7fe8134\" data-element_type=\"widget\" data-widget_type=\"image.default\">\n\t\t\t\t<div class=\"elementor-widget-container\">\n\t\t\t\t\t\t\t\t\t\t\t\t\t\t\t<img loading=\"lazy\" decoding=\"async\" width=\"500\" height=\"500\" src=\"https:\/\/medifruver.es\/wp-content\/uploads\/2024\/10\/3-13.png\" class=\"attachment-full size-full wp-image-1942\" alt=\"\" srcset=\"https:\/\/medifruver.es\/wp-content\/uploads\/2024\/10\/3-13.png 500w, https:\/\/medifruver.es\/wp-content\/uploads\/2024\/10\/3-13-300x300.png 300w, https:\/\/medifruver.es\/wp-content\/uploads\/2024\/10\/3-13-150x150.png 150w, https:\/\/medifruver.es\/wp-content\/uploads\/2024\/10\/3-13-12x12.png 12w\" sizes=\"(max-width: 500px) 100vw, 500px\" \/>\t\t\t\t\t\t\t\t\t\t\t\t\t\t\t<\/div>\n\t\t\t\t<\/div>\n\t\t\t\t<div class=\"elementor-element elementor-element-49b98bd1 elementor-widget elementor-widget-heading\" data-id=\"49b98bd1\" data-element_type=\"widget\" data-widget_type=\"heading.default\">\n\t\t\t\t<div class=\"elementor-widget-container\">\n\t\t\t\t\t<h4 class=\"elementor-heading-title elementor-size-default\">CANTALOUPE<\/h4>\t\t\t\t<\/div>\n\t\t\t\t<\/div>\n\t\t\t\t<\/div>\n\t\t<div class=\"elementor-element elementor-element-1c8c7ea7 e-con-full e-flex e-con e-child\" data-id=\"1c8c7ea7\" data-element_type=\"container\" data-settings=\"{&quot;background_background&quot;:&quot;classic&quot;}\">\n\t\t\t\t<div class=\"elementor-element elementor-element-47730d4e elementor-widget__width-initial elementor-widget elementor-widget-image\" data-id=\"47730d4e\" data-element_type=\"widget\" data-widget_type=\"image.default\">\n\t\t\t\t<div class=\"elementor-widget-container\">\n\t\t\t\t\t\t\t\t\t\t\t\t\t\t\t<img decoding=\"async\" width=\"300\" height=\"300\" src=\"https:\/\/medifruver.es\/wp-content\/uploads\/2024\/10\/6-4.png\" class=\"attachment-full size-full wp-image-1847\" alt=\"\" srcset=\"https:\/\/medifruver.es\/wp-content\/uploads\/2024\/10\/6-4.png 300w, https:\/\/medifruver.es\/wp-content\/uploads\/2024\/10\/6-4-150x150.png 150w, https:\/\/medifruver.es\/wp-content\/uploads\/2024\/10\/6-4-12x12.png 12w\" sizes=\"(max-width: 300px) 100vw, 300px\" \/>\t\t\t\t\t\t\t\t\t\t\t\t\t\t\t<\/div>\n\t\t\t\t<\/div>\n\t\t\t\t<div class=\"elementor-element elementor-element-30be9fea elementor-widget elementor-widget-heading\" data-id=\"30be9fea\" data-element_type=\"widget\" data-widget_type=\"heading.default\">\n\t\t\t\t<div class=\"elementor-widget-container\">\n\t\t\t\t\t<h3 class=\"elementor-heading-title elementor-size-default\">Melon<\/h3>\t\t\t\t<\/div>\n\t\t\t\t<\/div>\n\t\t\t\t<\/div>\n\t\t\t\t<\/div>\n\t\t\t\t<\/div>\n\t\t\t\t\t<\/div>\n\t\t\t\t<\/div>\n\t\t<div class=\"elementor-element elementor-element-582d244 e-flex e-con-boxed e-con e-parent\" data-id=\"582d244\" data-element_type=\"container\" data-settings=\"{&quot;background_background&quot;:&quot;classic&quot;}\">\n\t\t\t\t\t<div class=\"e-con-inner\">\n\t\t<div class=\"elementor-element elementor-element-2276f9e e-con-full e-flex e-con e-child\" data-id=\"2276f9e\" data-element_type=\"container\">\n\t\t\t\t<div class=\"elementor-element elementor-element-c66cf17 elementor-widget elementor-widget-image\" data-id=\"c66cf17\" data-element_type=\"widget\" data-widget_type=\"image.default\">\n\t\t\t\t<div class=\"elementor-widget-container\">\n\t\t\t\t\t\t\t\t\t\t\t\t\t\t\t<img loading=\"lazy\" decoding=\"async\" width=\"1920\" height=\"1080\" src=\"https:\/\/medifruver.es\/wp-content\/uploads\/2024\/10\/Melon-Amarillo.png\" class=\"attachment-full size-full wp-image-1951\" alt=\"\" srcset=\"https:\/\/medifruver.es\/wp-content\/uploads\/2024\/10\/Melon-Amarillo.png 1920w, https:\/\/medifruver.es\/wp-content\/uploads\/2024\/10\/Melon-Amarillo-300x169.png 300w, https:\/\/medifruver.es\/wp-content\/uploads\/2024\/10\/Melon-Amarillo-1024x576.png 1024w, https:\/\/medifruver.es\/wp-content\/uploads\/2024\/10\/Melon-Amarillo-768x432.png 768w, https:\/\/medifruver.es\/wp-content\/uploads\/2024\/10\/Melon-Amarillo-1536x864.png 1536w, https:\/\/medifruver.es\/wp-content\/uploads\/2024\/10\/Melon-Amarillo-18x10.png 18w\" sizes=\"(max-width: 1920px) 100vw, 1920px\" \/>\t\t\t\t\t\t\t\t\t\t\t\t\t\t\t<\/div>\n\t\t\t\t<\/div>\n\t\t\t\t<\/div>\n\t\t<div class=\"elementor-element elementor-element-ee2fa38 e-con-full e-flex e-con e-child\" data-id=\"ee2fa38\" data-element_type=\"container\">\n\t\t\t\t<div class=\"elementor-element elementor-element-dfba90d elementor-widget elementor-widget-image\" data-id=\"dfba90d\" data-element_type=\"widget\" data-widget_type=\"image.default\">\n\t\t\t\t<div class=\"elementor-widget-container\">\n\t\t\t\t\t\t\t\t\t\t\t\t\t\t\t<img loading=\"lazy\" decoding=\"async\" width=\"1920\" height=\"1080\" src=\"https:\/\/medifruver.es\/wp-content\/uploads\/2024\/10\/Melon-GALIA.png\" class=\"attachment-full size-full wp-image-1953\" alt=\"\" srcset=\"https:\/\/medifruver.es\/wp-content\/uploads\/2024\/10\/Melon-GALIA.png 1920w, https:\/\/medifruver.es\/wp-content\/uploads\/2024\/10\/Melon-GALIA-300x169.png 300w, https:\/\/medifruver.es\/wp-content\/uploads\/2024\/10\/Melon-GALIA-1024x576.png 1024w, https:\/\/medifruver.es\/wp-content\/uploads\/2024\/10\/Melon-GALIA-768x432.png 768w, https:\/\/medifruver.es\/wp-content\/uploads\/2024\/10\/Melon-GALIA-1536x864.png 1536w, https:\/\/medifruver.es\/wp-content\/uploads\/2024\/10\/Melon-GALIA-18x10.png 18w\" sizes=\"(max-width: 1920px) 100vw, 1920px\" \/>\t\t\t\t\t\t\t\t\t\t\t\t\t\t\t<\/div>\n\t\t\t\t<\/div>\n\t\t\t\t<\/div>\n\t\t\t\t\t<\/div>\n\t\t\t\t<\/div>\n\t\t<div class=\"elementor-element elementor-element-a3f9d79 e-flex e-con-boxed e-con e-parent\" data-id=\"a3f9d79\" data-element_type=\"container\" data-settings=\"{&quot;background_background&quot;:&quot;classic&quot;}\">\n\t\t\t\t\t<div class=\"e-con-inner\">\n\t\t<div class=\"elementor-element elementor-element-9c9f265 e-con-full e-flex e-con e-child\" data-id=\"9c9f265\" data-element_type=\"container\">\n\t\t\t\t<div class=\"elementor-element elementor-element-846bbb7 elementor-widget elementor-widget-image\" data-id=\"846bbb7\" data-element_type=\"widget\" data-widget_type=\"image.default\">\n\t\t\t\t<div class=\"elementor-widget-container\">\n\t\t\t\t\t\t\t\t\t\t\t\t\t\t\t<img loading=\"lazy\" decoding=\"async\" width=\"1920\" height=\"1080\" src=\"https:\/\/medifruver.es\/wp-content\/uploads\/2024\/10\/Melon-CANTALOUPE.png\" class=\"attachment-full size-full wp-image-1952\" alt=\"\" srcset=\"https:\/\/medifruver.es\/wp-content\/uploads\/2024\/10\/Melon-CANTALOUPE.png 1920w, https:\/\/medifruver.es\/wp-content\/uploads\/2024\/10\/Melon-CANTALOUPE-300x169.png 300w, https:\/\/medifruver.es\/wp-content\/uploads\/2024\/10\/Melon-CANTALOUPE-1024x576.png 1024w, https:\/\/medifruver.es\/wp-content\/uploads\/2024\/10\/Melon-CANTALOUPE-768x432.png 768w, https:\/\/medifruver.es\/wp-content\/uploads\/2024\/10\/Melon-CANTALOUPE-1536x864.png 1536w, https:\/\/medifruver.es\/wp-content\/uploads\/2024\/10\/Melon-CANTALOUPE-18x10.png 18w\" sizes=\"(max-width: 1920px) 100vw, 1920px\" \/>\t\t\t\t\t\t\t\t\t\t\t\t\t\t\t<\/div>\n\t\t\t\t<\/div>\n\t\t\t\t<\/div>\n\t\t<div class=\"elementor-element elementor-element-085d3e2 e-con-full e-flex e-con e-child\" data-id=\"085d3e2\" data-element_type=\"container\">\n\t\t\t\t<div class=\"elementor-element elementor-element-30e8cd7 elementor-widget elementor-widget-image\" data-id=\"30e8cd7\" data-element_type=\"widget\" data-widget_type=\"image.default\">\n\t\t\t\t<div class=\"elementor-widget-container\">\n\t\t\t\t\t\t\t\t\t\t\t\t\t\t\t<img loading=\"lazy\" decoding=\"async\" width=\"1080\" height=\"450\" src=\"https:\/\/medifruver.es\/wp-content\/uploads\/2025\/05\/Calendarios-frutas-1.png\" class=\"attachment-full size-full wp-image-2577\" alt=\"Calendario de melones\" srcset=\"https:\/\/medifruver.es\/wp-content\/uploads\/2025\/05\/Calendarios-frutas-1.png 1080w, https:\/\/medifruver.es\/wp-content\/uploads\/2025\/05\/Calendarios-frutas-1-300x125.png 300w, https:\/\/medifruver.es\/wp-content\/uploads\/2025\/05\/Calendarios-frutas-1-1024x427.png 1024w, https:\/\/medifruver.es\/wp-content\/uploads\/2025\/05\/Calendarios-frutas-1-768x320.png 768w, https:\/\/medifruver.es\/wp-content\/uploads\/2025\/05\/Calendarios-frutas-1-18x8.png 18w\" sizes=\"(max-width: 1080px) 100vw, 1080px\" \/>\t\t\t\t\t\t\t\t\t\t\t\t\t\t\t<\/div>\n\t\t\t\t<\/div>\n\t\t\t\t<\/div>\n\t\t\t\t\t<\/div>\n\t\t\t\t<\/div>\n\t\t\t\t<\/div>","protected":false},"excerpt":{"rendered":"<p>MEL\u00d3N El mel\u00f3n ya se cultivaba en el Antiguo Egipto durante el III milenio a.C., su cultivo se extiende por la mayor\u00eda de los continentes, siendo Espa\u00f1a uno de los principales exportadores de mel\u00f3n a nivel mundial. El mel\u00f3n es una fruta de temporada veraniega con un gran contenido de agua y de sabor dulce. [&hellip;]<\/p>","protected":false},"author":1,"featured_media":0,"parent":0,"menu_order":0,"comment_status":"closed","ping_status":"closed","template":"","meta":{"site-sidebar-layout":"no-sidebar","site-content-layout":"page-builder","ast-site-content-layout":"full-width-container","site-content-style":"unboxed","site-sidebar-style":"unboxed","ast-global-header-display":"","ast-banner-title-visibility":"","ast-main-header-display":"","ast-hfb-above-header-display":"","ast-hfb-below-header-display":"","ast-hfb-mobile-header-display":"","site-post-title":"disabled","ast-breadcrumbs-content":"","ast-featured-img":"disabled","footer-sml-layout":"","theme-transparent-header-meta":"default","adv-header-id-meta":"","stick-header-meta":"","header-above-stick-meta":"","header-main-stick-meta":"","header-below-stick-meta":"","astra-migrate-meta-layouts":"set","ast-page-background-enabled":"default","ast-page-background-meta":{"desktop":{"background-color":"","background-image":"","background-repeat":"repeat","background-position":"center center","background-size":"auto","background-attachment":"scroll","background-type":"","background-media":"","overlay-type":"","overlay-color":"","overlay-opacity":"","overlay-gradient":""},"tablet":{"background-color":"","background-image":"","background-repeat":"repeat","background-position":"center center","background-size":"auto","background-attachment":"scroll","background-type":"","background-media":"","overlay-type":"","overlay-color":"","overlay-opacity":"","overlay-gradient":""},"mobile":{"background-color":"","background-image":"","background-repeat":"repeat","background-position":"center center","background-size":"auto","background-attachment":"scroll","background-type":"","background-media":"","overlay-type":"","overlay-color":"","overlay-opacity":"","overlay-gradient":""}},"ast-content-background-meta":{"desktop":{"background-color":"var(--ast-global-color-5)","background-image":"","background-repeat":"repeat","background-position":"center center","background-size":"auto","background-attachment":"scroll","background-type":"","background-media":"","overlay-type":"","overlay-color":"","overlay-opacity":"","overlay-gradient":""},"tablet":{"background-color":"var(--ast-global-color-5)","background-image":"","background-repeat":"repeat","background-position":"center center","background-size":"auto","background-attachment":"scroll","background-type":"","background-media":"","overlay-type":"","overlay-color":"","overlay-opacity":"","overlay-gradient":""},"mobile":{"background-color":"var(--ast-global-color-5)","background-image":"","background-repeat":"repeat","background-position":"center center","background-size":"auto","background-attachment":"scroll","background-type":"","background-media":"","overlay-type":"","overlay-color":"","overlay-opacity":"","overlay-gradient":""}},"footnotes":""},"class_list":["post-1931","page","type-page","status-publish","hentry"],"_links":{"self":[{"href":"https:\/\/medifruver.es\/fr\/wp-json\/wp\/v2\/pages\/1931","targetHints":{"allow":["GET"]}}],"collection":[{"href":"https:\/\/medifruver.es\/fr\/wp-json\/wp\/v2\/pages"}],"about":[{"href":"https:\/\/medifruver.es\/fr\/wp-json\/wp\/v2\/types\/page"}],"author":[{"embeddable":true,"href":"https:\/\/medifruver.es\/fr\/wp-json\/wp\/v2\/users\/1"}],"replies":[{"embeddable":true,"href":"https:\/\/medifruver.es\/fr\/wp-json\/wp\/v2\/comments?post=1931"}],"version-history":[{"count":28,"href":"https:\/\/medifruver.es\/fr\/wp-json\/wp\/v2\/pages\/1931\/revisions"}],"predecessor-version":[{"id":2580,"href":"https:\/\/medifruver.es\/fr\/wp-json\/wp\/v2\/pages\/1931\/revisions\/2580"}],"wp:attachment":[{"href":"https:\/\/medifruver.es\/fr\/wp-json\/wp\/v2\/media?parent=1931"}],"curies":[{"name":"wp","href":"https:\/\/api.w.org\/{rel}","templated":true}]}}