{"id":1966,"date":"2024-10-24T01:47:02","date_gmt":"2024-10-23T23:47:02","guid":{"rendered":"https:\/\/medifruver.es\/?page_id=1966"},"modified":"2025-05-21T13:17:52","modified_gmt":"2025-05-21T11:17:52","slug":"calabacin","status":"publish","type":"page","link":"https:\/\/medifruver.es\/fr\/calabacin\/","title":{"rendered":"Courgette"},"content":{"rendered":"<div data-elementor-type=\"wp-page\" data-elementor-id=\"1966\" class=\"elementor elementor-1966\" data-elementor-post-type=\"page\">\n\t\t\t\t<div class=\"elementor-element elementor-element-79ea00f e-flex e-con-boxed e-con e-parent\" data-id=\"79ea00f\" data-element_type=\"container\" data-settings=\"{&quot;background_background&quot;:&quot;classic&quot;}\">\n\t\t\t\t\t<div class=\"e-con-inner\">\n\t\t\t\t<div class=\"elementor-element elementor-element-2be7ab2 animated-slow elementor-invisible elementor-widget elementor-widget-heading\" data-id=\"2be7ab2\" data-element_type=\"widget\" data-settings=\"{&quot;_animation&quot;:&quot;fadeInUp&quot;}\" data-widget_type=\"heading.default\">\n\t\t\t\t<div class=\"elementor-widget-container\">\n\t\t\t\t\t<h1 class=\"elementor-heading-title elementor-size-default\">SQUASH<\/h1>\t\t\t\t<\/div>\n\t\t\t\t<\/div>\n\t\t\t\t\t<\/div>\n\t\t\t\t<\/div>\n\t\t<div class=\"elementor-element elementor-element-5597dd4 e-flex e-con-boxed e-con e-parent\" data-id=\"5597dd4\" data-element_type=\"container\" data-settings=\"{&quot;background_background&quot;:&quot;classic&quot;}\">\n\t\t\t\t\t<div class=\"e-con-inner\">\n\t\t<div class=\"elementor-element elementor-element-47b9399 e-con-full e-flex e-con e-child\" data-id=\"47b9399\" data-element_type=\"container\">\n\t\t\t\t<div class=\"elementor-element elementor-element-761990c animated-slow elementor-invisible elementor-widget elementor-widget-image\" data-id=\"761990c\" data-element_type=\"widget\" data-settings=\"{&quot;_animation&quot;:&quot;fadeInLeft&quot;}\" data-widget_type=\"image.default\">\n\t\t\t\t<div class=\"elementor-widget-container\">\n\t\t\t\t\t\t\t\t\t\t\t\t\t\t\t<img fetchpriority=\"high\" decoding=\"async\" width=\"500\" height=\"500\" src=\"https:\/\/medifruver.es\/wp-content\/uploads\/2024\/10\/500-X-500-2.png\" class=\"attachment-full size-full wp-image-1976\" alt=\"\" srcset=\"https:\/\/medifruver.es\/wp-content\/uploads\/2024\/10\/500-X-500-2.png 500w, https:\/\/medifruver.es\/wp-content\/uploads\/2024\/10\/500-X-500-2-300x300.png 300w, https:\/\/medifruver.es\/wp-content\/uploads\/2024\/10\/500-X-500-2-150x150.png 150w, https:\/\/medifruver.es\/wp-content\/uploads\/2024\/10\/500-X-500-2-12x12.png 12w\" sizes=\"(max-width: 500px) 100vw, 500px\" \/>\t\t\t\t\t\t\t\t\t\t\t\t\t\t\t<\/div>\n\t\t\t\t<\/div>\n\t\t\t\t<\/div>\n\t\t<div class=\"elementor-element elementor-element-ca50e5f e-con-full animated-slow e-flex elementor-invisible e-con e-child\" data-id=\"ca50e5f\" data-element_type=\"container\" data-settings=\"{&quot;animation&quot;:&quot;fadeInRight&quot;}\">\n\t\t<div class=\"elementor-element elementor-element-f96e948 e-con-full e-flex e-con e-child\" data-id=\"f96e948\" data-element_type=\"container\">\n\t\t\t\t<div class=\"elementor-element elementor-element-685d66b elementor-widget elementor-widget-heading\" data-id=\"685d66b\" data-element_type=\"widget\" data-widget_type=\"heading.default\">\n\t\t\t\t<div class=\"elementor-widget-container\">\n\t\t\t\t\t<p class=\"elementor-heading-title elementor-size-default\">La courgette est un l\u00e9gume d'hiver tr\u00e8s appr\u00e9ci\u00e9 et consomm\u00e9 dans le monde entier en raison de ses propri\u00e9t\u00e9s nutritionnelles. L'Espagne est le cinqui\u00e8me exportateur mondial de ce l\u00e9gume, et la r\u00e9gion de Murcie est l'une des meilleures zones pour sa culture, gr\u00e2ce aux caract\u00e9ristiques de ses champs, \u00e0 son climat favorable et aux soins apport\u00e9s par ses agriculteurs.\n\n <\/p>\t\t\t\t<\/div>\n\t\t\t\t<\/div>\n\t\t\t\t<div class=\"elementor-element elementor-element-a971887 elementor-widget elementor-widget-heading\" data-id=\"a971887\" data-element_type=\"widget\" data-widget_type=\"heading.default\">\n\t\t\t\t<div class=\"elementor-widget-container\">\n\t\t\t\t\t<p class=\"elementor-heading-title elementor-size-default\">La composante essentielle des courgettes est l'eau, suivie des hydrates de carbone, avec une tr\u00e8s faible teneur en graisses et en prot\u00e9ines. Gr\u00e2ce \u00e0 ces particularit\u00e9s et \u00e0 sa teneur en fibres, la courgette est un aliment id\u00e9al pour les personnes souffrant de probl\u00e8mes de surpoids.\n\nIl contient des vitamines C, B et A, ainsi que des min\u00e9raux tels que le magn\u00e9sium, le sodium, l'iode, le fer, le calcium et le potassium. Ces substances aident l'organisme \u00e0 produire des globules rouges et blancs et \u00e0 former des anticorps du syst\u00e8me immunitaire. Elles ont \u00e9galement une action antioxydante, r\u00e9gulent les niveaux d'eau dans les cellules et am\u00e9liorent les fonctions intestinales et digestives.\nLes poivrons ont un grand pouvoir antioxydant, sont peu caloriques (19 kcal\/100 g) et sont \u00e9galement tr\u00e8s riches en fibres, ces derni\u00e8res \u00e9tant tr\u00e8s utiles dans les r\u00e9gimes de contr\u00f4le du poids.<\/p>\t\t\t\t<\/div>\n\t\t\t\t<\/div>\n\t\t\t\t<\/div>\n\t\t\t\t<\/div>\n\t\t\t\t\t<\/div>\n\t\t\t\t<\/div>\n\t\t<div class=\"elementor-element elementor-element-25f3ab4 e-flex e-con-boxed e-con e-parent\" data-id=\"25f3ab4\" data-element_type=\"container\" data-settings=\"{&quot;background_background&quot;:&quot;classic&quot;}\">\n\t\t\t\t\t<div class=\"e-con-inner\">\n\t\t<div class=\"elementor-element elementor-element-4a06a0ec e-con-full e-flex e-con e-child\" data-id=\"4a06a0ec\" data-element_type=\"container\">\n\t\t<div class=\"elementor-element elementor-element-52f8c160 e-con-full e-flex e-con e-child\" data-id=\"52f8c160\" data-element_type=\"container\">\n\t\t<div class=\"elementor-element elementor-element-2eabf890 e-con-full e-flex e-con e-child\" data-id=\"2eabf890\" data-element_type=\"container\" data-settings=\"{&quot;background_background&quot;:&quot;classic&quot;}\">\n\t\t\t\t<div class=\"elementor-element elementor-element-1e23b2bf elementor-widget elementor-widget-image\" data-id=\"1e23b2bf\" data-element_type=\"widget\" data-widget_type=\"image.default\">\n\t\t\t\t<div class=\"elementor-widget-container\">\n\t\t\t\t\t\t\t\t\t\t\t\t\t\t\t<img decoding=\"async\" width=\"500\" height=\"500\" src=\"https:\/\/medifruver.es\/wp-content\/uploads\/2024\/10\/5-7.png\" class=\"attachment-full size-full wp-image-1978\" alt=\"\" srcset=\"https:\/\/medifruver.es\/wp-content\/uploads\/2024\/10\/5-7.png 500w, https:\/\/medifruver.es\/wp-content\/uploads\/2024\/10\/5-7-300x300.png 300w, https:\/\/medifruver.es\/wp-content\/uploads\/2024\/10\/5-7-150x150.png 150w, https:\/\/medifruver.es\/wp-content\/uploads\/2024\/10\/5-7-12x12.png 12w\" sizes=\"(max-width: 500px) 100vw, 500px\" \/>\t\t\t\t\t\t\t\t\t\t\t\t\t\t\t<\/div>\n\t\t\t\t<\/div>\n\t\t\t\t<div class=\"elementor-element elementor-element-2b318f5e elementor-widget elementor-widget-heading\" data-id=\"2b318f5e\" data-element_type=\"widget\" data-widget_type=\"heading.default\">\n\t\t\t\t<div class=\"elementor-widget-container\">\n\t\t\t\t\t<h4 class=\"elementor-heading-title elementor-size-default\">VITULIA<\/h4>\t\t\t\t<\/div>\n\t\t\t\t<\/div>\n\t\t\t\t<\/div>\n\t\t<div class=\"elementor-element elementor-element-5097645d e-con-full e-flex e-con e-child\" data-id=\"5097645d\" data-element_type=\"container\" data-settings=\"{&quot;background_background&quot;:&quot;classic&quot;}\">\n\t\t\t\t<div class=\"elementor-element elementor-element-2d81caa6 elementor-widget__width-initial elementor-widget elementor-widget-image\" data-id=\"2d81caa6\" data-element_type=\"widget\" data-widget_type=\"image.default\">\n\t\t\t\t<div class=\"elementor-widget-container\">\n\t\t\t\t\t\t\t\t\t\t\t\t\t\t\t<img decoding=\"async\" width=\"300\" height=\"300\" src=\"https:\/\/medifruver.es\/wp-content\/uploads\/2024\/10\/9-2.png\" class=\"attachment-full size-full wp-image-1850\" alt=\"\" srcset=\"https:\/\/medifruver.es\/wp-content\/uploads\/2024\/10\/9-2.png 300w, https:\/\/medifruver.es\/wp-content\/uploads\/2024\/10\/9-2-150x150.png 150w, https:\/\/medifruver.es\/wp-content\/uploads\/2024\/10\/9-2-12x12.png 12w\" sizes=\"(max-width: 300px) 100vw, 300px\" \/>\t\t\t\t\t\t\t\t\t\t\t\t\t\t\t<\/div>\n\t\t\t\t<\/div>\n\t\t\t\t<div class=\"elementor-element elementor-element-3279590a elementor-widget elementor-widget-heading\" data-id=\"3279590a\" data-element_type=\"widget\" data-widget_type=\"heading.default\">\n\t\t\t\t<div class=\"elementor-widget-container\">\n\t\t\t\t\t<h3 class=\"elementor-heading-title elementor-size-default\">Courgette<\/h3>\t\t\t\t<\/div>\n\t\t\t\t<\/div>\n\t\t\t\t<\/div>\n\t\t\t\t<\/div>\n\t\t<div class=\"elementor-element elementor-element-7dc04917 e-con-full e-flex e-con e-child\" data-id=\"7dc04917\" data-element_type=\"container\">\n\t\t<div class=\"elementor-element elementor-element-7b8e4675 e-con-full e-flex e-con e-child\" data-id=\"7b8e4675\" data-element_type=\"container\" data-settings=\"{&quot;background_background&quot;:&quot;classic&quot;}\">\n\t\t\t\t<div class=\"elementor-element elementor-element-33de8cbc elementor-widget elementor-widget-image\" data-id=\"33de8cbc\" data-element_type=\"widget\" data-widget_type=\"image.default\">\n\t\t\t\t<div class=\"elementor-widget-container\">\n\t\t\t\t\t\t\t\t\t\t\t\t\t\t\t<img loading=\"lazy\" decoding=\"async\" width=\"500\" height=\"500\" src=\"https:\/\/medifruver.es\/wp-content\/uploads\/2024\/10\/6-6.png\" class=\"attachment-full size-full wp-image-1979\" alt=\"\" srcset=\"https:\/\/medifruver.es\/wp-content\/uploads\/2024\/10\/6-6.png 500w, https:\/\/medifruver.es\/wp-content\/uploads\/2024\/10\/6-6-300x300.png 300w, https:\/\/medifruver.es\/wp-content\/uploads\/2024\/10\/6-6-150x150.png 150w, https:\/\/medifruver.es\/wp-content\/uploads\/2024\/10\/6-6-12x12.png 12w\" sizes=\"(max-width: 500px) 100vw, 500px\" \/>\t\t\t\t\t\t\t\t\t\t\t\t\t\t\t<\/div>\n\t\t\t\t<\/div>\n\t\t\t\t<div class=\"elementor-element elementor-element-6c376f6 elementor-widget elementor-widget-heading\" data-id=\"6c376f6\" data-element_type=\"widget\" data-widget_type=\"heading.default\">\n\t\t\t\t<div class=\"elementor-widget-container\">\n\t\t\t\t\t<h4 class=\"elementor-heading-title elementor-size-default\">LUMINEUX<\/h4>\t\t\t\t<\/div>\n\t\t\t\t<\/div>\n\t\t\t\t<\/div>\n\t\t<div class=\"elementor-element elementor-element-2ce2e8c5 e-con-full e-flex e-con e-child\" data-id=\"2ce2e8c5\" data-element_type=\"container\" data-settings=\"{&quot;background_background&quot;:&quot;classic&quot;}\">\n\t\t\t\t<div class=\"elementor-element elementor-element-3c3a6f2a elementor-widget__width-initial elementor-widget elementor-widget-image\" data-id=\"3c3a6f2a\" data-element_type=\"widget\" data-widget_type=\"image.default\">\n\t\t\t\t<div class=\"elementor-widget-container\">\n\t\t\t\t\t\t\t\t\t\t\t\t\t\t\t<img decoding=\"async\" width=\"300\" height=\"300\" src=\"https:\/\/medifruver.es\/wp-content\/uploads\/2024\/10\/9-2.png\" class=\"attachment-full size-full wp-image-1850\" alt=\"\" srcset=\"https:\/\/medifruver.es\/wp-content\/uploads\/2024\/10\/9-2.png 300w, https:\/\/medifruver.es\/wp-content\/uploads\/2024\/10\/9-2-150x150.png 150w, https:\/\/medifruver.es\/wp-content\/uploads\/2024\/10\/9-2-12x12.png 12w\" sizes=\"(max-width: 300px) 100vw, 300px\" \/>\t\t\t\t\t\t\t\t\t\t\t\t\t\t\t<\/div>\n\t\t\t\t<\/div>\n\t\t\t\t<div class=\"elementor-element elementor-element-53a827e1 elementor-widget elementor-widget-heading\" data-id=\"53a827e1\" data-element_type=\"widget\" data-widget_type=\"heading.default\">\n\t\t\t\t<div class=\"elementor-widget-container\">\n\t\t\t\t\t<h3 class=\"elementor-heading-title elementor-size-default\">   Courgette<\/h3>\t\t\t\t<\/div>\n\t\t\t\t<\/div>\n\t\t\t\t<\/div>\n\t\t\t\t<\/div>\n\t\t<div class=\"elementor-element elementor-element-19c051a3 e-con-full e-flex e-con e-child\" data-id=\"19c051a3\" data-element_type=\"container\">\n\t\t<div class=\"elementor-element elementor-element-4fe12da e-con-full e-flex e-con e-child\" data-id=\"4fe12da\" data-element_type=\"container\" data-settings=\"{&quot;background_background&quot;:&quot;classic&quot;}\">\n\t\t\t\t<div class=\"elementor-element elementor-element-6f79c026 elementor-widget elementor-widget-image\" data-id=\"6f79c026\" data-element_type=\"widget\" data-widget_type=\"image.default\">\n\t\t\t\t<div class=\"elementor-widget-container\">\n\t\t\t\t\t\t\t\t\t\t\t\t\t\t\t<img loading=\"lazy\" decoding=\"async\" width=\"500\" height=\"500\" src=\"https:\/\/medifruver.es\/wp-content\/uploads\/2024\/10\/7-4.png\" class=\"attachment-full size-full wp-image-1980\" alt=\"\" srcset=\"https:\/\/medifruver.es\/wp-content\/uploads\/2024\/10\/7-4.png 500w, https:\/\/medifruver.es\/wp-content\/uploads\/2024\/10\/7-4-300x300.png 300w, https:\/\/medifruver.es\/wp-content\/uploads\/2024\/10\/7-4-150x150.png 150w, https:\/\/medifruver.es\/wp-content\/uploads\/2024\/10\/7-4-12x12.png 12w\" sizes=\"(max-width: 500px) 100vw, 500px\" \/>\t\t\t\t\t\t\t\t\t\t\t\t\t\t\t<\/div>\n\t\t\t\t<\/div>\n\t\t\t\t<div class=\"elementor-element elementor-element-1c22f5c3 elementor-widget elementor-widget-heading\" data-id=\"1c22f5c3\" data-element_type=\"widget\" data-widget_type=\"heading.default\">\n\t\t\t\t<div class=\"elementor-widget-container\">\n\t\t\t\t\t<h4 class=\"elementor-heading-title elementor-size-default\">CRONOS<\/h4>\t\t\t\t<\/div>\n\t\t\t\t<\/div>\n\t\t\t\t<\/div>\n\t\t<div class=\"elementor-element elementor-element-31e57c3e e-con-full e-flex e-con e-child\" data-id=\"31e57c3e\" data-element_type=\"container\" data-settings=\"{&quot;background_background&quot;:&quot;classic&quot;}\">\n\t\t\t\t<div class=\"elementor-element elementor-element-178b2de8 elementor-widget__width-initial elementor-widget elementor-widget-image\" data-id=\"178b2de8\" data-element_type=\"widget\" data-widget_type=\"image.default\">\n\t\t\t\t<div class=\"elementor-widget-container\">\n\t\t\t\t\t\t\t\t\t\t\t\t\t\t\t<img decoding=\"async\" width=\"300\" height=\"300\" src=\"https:\/\/medifruver.es\/wp-content\/uploads\/2024\/10\/9-2.png\" class=\"attachment-full size-full wp-image-1850\" alt=\"\" srcset=\"https:\/\/medifruver.es\/wp-content\/uploads\/2024\/10\/9-2.png 300w, https:\/\/medifruver.es\/wp-content\/uploads\/2024\/10\/9-2-150x150.png 150w, https:\/\/medifruver.es\/wp-content\/uploads\/2024\/10\/9-2-12x12.png 12w\" sizes=\"(max-width: 300px) 100vw, 300px\" \/>\t\t\t\t\t\t\t\t\t\t\t\t\t\t\t<\/div>\n\t\t\t\t<\/div>\n\t\t\t\t<div class=\"elementor-element elementor-element-70c25795 elementor-widget elementor-widget-heading\" data-id=\"70c25795\" data-element_type=\"widget\" data-widget_type=\"heading.default\">\n\t\t\t\t<div class=\"elementor-widget-container\">\n\t\t\t\t\t<h3 class=\"elementor-heading-title elementor-size-default\">   Courgette<\/h3>\t\t\t\t<\/div>\n\t\t\t\t<\/div>\n\t\t\t\t<\/div>\n\t\t\t\t<\/div>\n\t\t\t\t<\/div>\n\t\t\t\t\t<\/div>\n\t\t\t\t<\/div>\n\t\t<div class=\"elementor-element elementor-element-57b40fe e-flex e-con-boxed e-con e-parent\" data-id=\"57b40fe\" data-element_type=\"container\" data-settings=\"{&quot;background_background&quot;:&quot;classic&quot;}\">\n\t\t\t\t\t<div class=\"e-con-inner\">\n\t\t<div class=\"elementor-element elementor-element-f744133 e-con-full e-flex e-con e-child\" data-id=\"f744133\" data-element_type=\"container\">\n\t\t\t\t<div class=\"elementor-element elementor-element-a5a7420 elementor-widget elementor-widget-image\" data-id=\"a5a7420\" data-element_type=\"widget\" data-widget_type=\"image.default\">\n\t\t\t\t<div class=\"elementor-widget-container\">\n\t\t\t\t\t\t\t\t\t\t\t\t\t\t\t<img loading=\"lazy\" decoding=\"async\" width=\"1920\" height=\"1080\" src=\"https:\/\/medifruver.es\/wp-content\/uploads\/2024\/10\/CALABACIN.png\" class=\"attachment-full size-full wp-image-1982\" alt=\"\" srcset=\"https:\/\/medifruver.es\/wp-content\/uploads\/2024\/10\/CALABACIN.png 1920w, https:\/\/medifruver.es\/wp-content\/uploads\/2024\/10\/CALABACIN-300x169.png 300w, https:\/\/medifruver.es\/wp-content\/uploads\/2024\/10\/CALABACIN-1024x576.png 1024w, https:\/\/medifruver.es\/wp-content\/uploads\/2024\/10\/CALABACIN-768x432.png 768w, https:\/\/medifruver.es\/wp-content\/uploads\/2024\/10\/CALABACIN-1536x864.png 1536w, https:\/\/medifruver.es\/wp-content\/uploads\/2024\/10\/CALABACIN-18x10.png 18w\" sizes=\"(max-width: 1920px) 100vw, 1920px\" \/>\t\t\t\t\t\t\t\t\t\t\t\t\t\t\t<\/div>\n\t\t\t\t<\/div>\n\t\t\t\t<\/div>\n\t\t<div class=\"elementor-element elementor-element-0cb2ecb e-con-full e-flex e-con e-child\" data-id=\"0cb2ecb\" data-element_type=\"container\">\n\t\t\t\t<div class=\"elementor-element elementor-element-a4c4b21 elementor-widget elementor-widget-image\" data-id=\"a4c4b21\" data-element_type=\"widget\" data-widget_type=\"image.default\">\n\t\t\t\t<div class=\"elementor-widget-container\">\n\t\t\t\t\t\t\t\t\t\t\t\t\t\t\t<img loading=\"lazy\" decoding=\"async\" width=\"1080\" height=\"450\" src=\"https:\/\/medifruver.es\/wp-content\/uploads\/2025\/05\/Calendarios-frutas-6.png\" class=\"attachment-full size-full wp-image-2591\" alt=\"calendario de calabac\u00edn\" srcset=\"https:\/\/medifruver.es\/wp-content\/uploads\/2025\/05\/Calendarios-frutas-6.png 1080w, https:\/\/medifruver.es\/wp-content\/uploads\/2025\/05\/Calendarios-frutas-6-300x125.png 300w, https:\/\/medifruver.es\/wp-content\/uploads\/2025\/05\/Calendarios-frutas-6-1024x427.png 1024w, https:\/\/medifruver.es\/wp-content\/uploads\/2025\/05\/Calendarios-frutas-6-768x320.png 768w, https:\/\/medifruver.es\/wp-content\/uploads\/2025\/05\/Calendarios-frutas-6-18x8.png 18w\" sizes=\"(max-width: 1080px) 100vw, 1080px\" \/>\t\t\t\t\t\t\t\t\t\t\t\t\t\t\t<\/div>\n\t\t\t\t<\/div>\n\t\t\t\t<\/div>\n\t\t\t\t\t<\/div>\n\t\t\t\t<\/div>\n\t\t\t\t<\/div>","protected":false},"excerpt":{"rendered":"<p>CALABAC\u00cdN El calabac\u00edn es una verdura de invierno muy apreciada y consumida a nivel mundial debido a sus propiedades nutritivas. Espa\u00f1a es, a nivel mundial, el quinto pa\u00eds exportador de esta verdura, siendo la Regi\u00f3n de Murcia una de las mejores zonas para su cultivo, gracias a las caracter\u00edsticas de sus campos, buen clima, y [&hellip;]<\/p>","protected":false},"author":1,"featured_media":0,"parent":0,"menu_order":0,"comment_status":"closed","ping_status":"closed","template":"","meta":{"site-sidebar-layout":"no-sidebar","site-content-layout":"page-builder","ast-site-content-layout":"full-width-container","site-content-style":"unboxed","site-sidebar-style":"unboxed","ast-global-header-display":"","ast-banner-title-visibility":"","ast-main-header-display":"","ast-hfb-above-header-display":"","ast-hfb-below-header-display":"","ast-hfb-mobile-header-display":"","site-post-title":"disabled","ast-breadcrumbs-content":"","ast-featured-img":"disabled","footer-sml-layout":"","theme-transparent-header-meta":"default","adv-header-id-meta":"","stick-header-meta":"","header-above-stick-meta":"","header-main-stick-meta":"","header-below-stick-meta":"","astra-migrate-meta-layouts":"set","ast-page-background-enabled":"default","ast-page-background-meta":{"desktop":{"background-color":"","background-image":"","background-repeat":"repeat","background-position":"center center","background-size":"auto","background-attachment":"scroll","background-type":"","background-media":"","overlay-type":"","overlay-color":"","overlay-opacity":"","overlay-gradient":""},"tablet":{"background-color":"","background-image":"","background-repeat":"repeat","background-position":"center center","background-size":"auto","background-attachment":"scroll","background-type":"","background-media":"","overlay-type":"","overlay-color":"","overlay-opacity":"","overlay-gradient":""},"mobile":{"background-color":"","background-image":"","background-repeat":"repeat","background-position":"center center","background-size":"auto","background-attachment":"scroll","background-type":"","background-media":"","overlay-type":"","overlay-color":"","overlay-opacity":"","overlay-gradient":""}},"ast-content-background-meta":{"desktop":{"background-color":"var(--ast-global-color-5)","background-image":"","background-repeat":"repeat","background-position":"center center","background-size":"auto","background-attachment":"scroll","background-type":"","background-media":"","overlay-type":"","overlay-color":"","overlay-opacity":"","overlay-gradient":""},"tablet":{"background-color":"var(--ast-global-color-5)","background-image":"","background-repeat":"repeat","background-position":"center center","background-size":"auto","background-attachment":"scroll","background-type":"","background-media":"","overlay-type":"","overlay-color":"","overlay-opacity":"","overlay-gradient":""},"mobile":{"background-color":"var(--ast-global-color-5)","background-image":"","background-repeat":"repeat","background-position":"center center","background-size":"auto","background-attachment":"scroll","background-type":"","background-media":"","overlay-type":"","overlay-color":"","overlay-opacity":"","overlay-gradient":""}},"footnotes":""},"class_list":["post-1966","page","type-page","status-publish","hentry"],"_links":{"self":[{"href":"https:\/\/medifruver.es\/fr\/wp-json\/wp\/v2\/pages\/1966","targetHints":{"allow":["GET"]}}],"collection":[{"href":"https:\/\/medifruver.es\/fr\/wp-json\/wp\/v2\/pages"}],"about":[{"href":"https:\/\/medifruver.es\/fr\/wp-json\/wp\/v2\/types\/page"}],"author":[{"embeddable":true,"href":"https:\/\/medifruver.es\/fr\/wp-json\/wp\/v2\/users\/1"}],"replies":[{"embeddable":true,"href":"https:\/\/medifruver.es\/fr\/wp-json\/wp\/v2\/comments?post=1966"}],"version-history":[{"count":14,"href":"https:\/\/medifruver.es\/fr\/wp-json\/wp\/v2\/pages\/1966\/revisions"}],"predecessor-version":[{"id":2594,"href":"https:\/\/medifruver.es\/fr\/wp-json\/wp\/v2\/pages\/1966\/revisions\/2594"}],"wp:attachment":[{"href":"https:\/\/medifruver.es\/fr\/wp-json\/wp\/v2\/media?parent=1966"}],"curies":[{"name":"wp","href":"https:\/\/api.w.org\/{rel}","templated":true}]}}